{"id":3610,"date":"2021-04-13T12:32:07","date_gmt":"2021-04-13T10:32:07","guid":{"rendered":"https:\/\/devneurolab.deusto.es\/contacto-nueva\/"},"modified":"2021-04-13T12:32:07","modified_gmt":"2021-04-13T10:32:07","slug":"contacto-nueva","status":"publish","type":"page","link":"https:\/\/neurolab.deusto.es\/en\/contacto-nueva\/","title":{"rendered":""},"content":{"rendered":"<div id=\"pl-3610\"  class=\"panel-layout\" ><div id=\"pg-3610-0\"  class=\"panel-grid panel-no-style\" ><div id=\"pgc-3610-0-0\"  class=\"panel-grid-cell panel-grid-cell-empty\" ><\/div><div id=\"pgc-3610-0-1\"  class=\"panel-grid-cell panel-grid-cell-mobile-last\" ><div id=\"panel-3610-0-1-0\" class=\"so-panel widget widget_sow-editor panel-first-child panel-last-child\" data-index=\"0\" ><div\n\t\t\t\n\t\t\tclass=\"so-widget-sow-editor so-widget-sow-editor-base\"\n\t\t\t\n\t\t>\n<div class=\"siteorigin-widget-tinymce textwidget\">\n\t<h1 style=\"text-align: center;\"><span style=\"color: #64a592;\"><strong>CONTACTA CON NOSOTRAS<\/strong><\/span><\/h1>\n<p><span style=\"color: #2d4679;\"><strong>\u00bfQuieres preguntarnos?<\/strong><\/span> Escr\u00edbenos un correo a nuestra direcci\u00f3n: deustoneurolab@gmail.com<\/p>\n<p><span style=\"color: #2d4679;\"><strong>\u00bfQuieres encontrarnos? <\/strong><\/span><\/p>\n<p style=\"text-align: center;\"><span style=\"color: #000000;\">Dpto. de Fundamentos y M\u00e9todos de la Psicolog\u00eda<\/span><\/p>\n<p style=\"text-align: center;\"><span style=\"color: #000000;\">Facultad de Ciencias de la Salud<\/span><\/p>\n<p style=\"text-align: center;\"><span style=\"color: #000000;\"><strong>Universidad de Deusto<\/strong><\/span><\/p>\n<p style=\"text-align: center;\"><span style=\"color: #000000;\">Avda. de las Universidades, 24.<\/span><\/p>\n<p style=\"text-align: center;\"><span style=\"color: #000000;\">48007 Bilbao<\/span><\/p>\n<p style=\"text-align: center;\"><span style=\"color: #000000;\">Tel\u00e9fono: 944139000<\/span><\/p>\n<p style=\"text-align: center;\"><span style=\"color: #000000;\">Email: deustoneurolab@gmail.com<\/span><\/p>\n<\/div>\n<\/div><\/div><\/div><div id=\"pgc-3610-0-2\"  class=\"panel-grid-cell panel-grid-cell-empty\" ><\/div><\/div><div id=\"pg-3610-1\"  class=\"panel-grid panel-no-style\" ><div id=\"pgc-3610-1-0\"  class=\"panel-grid-cell\" ><div id=\"panel-3610-1-0-0\" class=\"so-panel widget widget_sow-editor panel-first-child panel-last-child\" data-index=\"1\" ><div\n\t\t\t\n\t\t\tclass=\"so-widget-sow-editor so-widget-sow-editor-base\"\n\t\t\t\n\t\t>\n<div class=\"siteorigin-widget-tinymce textwidget\">\n\t<p><iframe src=\"https:\/\/www.google.com\/maps\/embed?pb=!1m18!1m12!1m3!1d2905.0537814312615!2d-2.9407462850301385!3d43.271249085063594!2m3!1f0!2f0!3f0!3m2!1i1024!2i768!4f13.1!3m3!1m2!1s0xd4e50207f52c445%3A0x6ea1bd3e8bae3141!2sUniversidad%20de%20Deusto!5e0!3m2!1ses!2ses!4v1618303428449!5m2!1ses!2ses\" width=\"1200\" height=\"400\" style=\"border:0;\" allowfullscreen=\"\" loading=\"lazy\"><\/iframe><\/p>\n<\/div>\n<\/div><\/div><\/div><\/div><\/div>","protected":false},"excerpt":{"rendered":"<p>CONTACTA CON NOSOTRAS \u00bfQuieres preguntarnos? Escr\u00edbenos un correo a nuestra direcci\u00f3n: deustoneurolab@gmail.com \u00bfQuieres encontrarnos? Dpto. de Fundamentos y M\u00e9todos de la Psicolog\u00eda Facultad de Ciencias de la Salud Universidad de Deusto Avda. de las Universidades, 24. 48007 Bilbao Tel\u00e9fono: 944139000 Email: deustoneurolab@gmail.com<\/p>\n","protected":false},"author":1001,"featured_media":0,"parent":0,"menu_order":0,"comment_status":"closed","ping_status":"closed","template":"","meta":{"_acf_changed":false,"footnotes":""},"class_list":["post-3610","page","type-page","status-publish","hentry"],"acf":[],"_links":{"self":[{"href":"https:\/\/neurolab.deusto.es\/en\/wp-json\/wp\/v2\/pages\/3610","targetHints":{"allow":["GET"]}}],"collection":[{"href":"https:\/\/neurolab.deusto.es\/en\/wp-json\/wp\/v2\/pages"}],"about":[{"href":"https:\/\/neurolab.deusto.es\/en\/wp-json\/wp\/v2\/types\/page"}],"author":[{"embeddable":true,"href":"https:\/\/neurolab.deusto.es\/en\/wp-json\/wp\/v2\/users\/1001"}],"replies":[{"embeddable":true,"href":"https:\/\/neurolab.deusto.es\/en\/wp-json\/wp\/v2\/comments?post=3610"}],"version-history":[{"count":0,"href":"https:\/\/neurolab.deusto.es\/en\/wp-json\/wp\/v2\/pages\/3610\/revisions"}],"wp:attachment":[{"href":"https:\/\/neurolab.deusto.es\/en\/wp-json\/wp\/v2\/media?parent=3610"}],"curies":[{"name":"wp","href":"https:\/\/api.w.org\/{rel}","templated":true}]}}