{"id":3559,"date":"2021-05-13T10:54:15","date_gmt":"2021-05-13T08:54:15","guid":{"rendered":"https:\/\/devneurolab.deusto.es\/premios-nueva\/"},"modified":"2023-04-15T13:01:16","modified_gmt":"2023-04-15T11:01:16","slug":"premios-nueva","status":"publish","type":"page","link":"https:\/\/neurolab.deusto.es\/en\/premios-nueva\/","title":{"rendered":"Premios"},"content":{"rendered":"<div id=\"pl-3559\"  class=\"panel-layout\" ><div id=\"pg-3559-0\"  class=\"panel-grid panel-no-style\" ><div id=\"pgc-3559-0-0\"  class=\"panel-grid-cell\" ><div id=\"panel-3559-0-0-0\" class=\"so-panel widget widget_sow-editor panel-first-child panel-last-child\" data-index=\"0\" ><div\n\t\t\t\n\t\t\tclass=\"so-widget-sow-editor so-widget-sow-editor-base\"\n\t\t\t\n\t\t>\n<div class=\"siteorigin-widget-tinymce textwidget\">\n\t<h1 class=\"font_8\" style=\"text-align: center;\"><strong><span style=\"color: #64a592;\">NUESTROS PREMIOS<\/span><\/strong><\/h1>\n<\/div>\n<\/div><\/div><\/div><\/div><div id=\"pg-3559-1\"  class=\"panel-grid panel-no-style\" ><div id=\"pgc-3559-1-0\"  class=\"panel-grid-cell\" ><div id=\"panel-3559-1-0-0\" class=\"so-panel widget widget_sow-editor panel-first-child panel-last-child\" data-index=\"1\" ><div\n\t\t\t\n\t\t\tclass=\"so-widget-sow-editor so-widget-sow-editor-base\"\n\t\t\t\n\t\t>\n<div class=\"siteorigin-widget-tinymce textwidget\">\n\t<h3 style=\"text-align: center;\"><strong><span style=\"color: #64a592;\">2020<\/span><\/strong><\/h3>\n<\/div>\n<\/div><\/div><\/div><\/div><div id=\"pg-3559-2\"  class=\"panel-grid panel-no-style\" ><div id=\"pgc-3559-2-0\"  class=\"panel-grid-cell\" ><div id=\"panel-3559-2-0-0\" class=\"so-panel widget widget_sow-editor panel-first-child panel-last-child\" data-index=\"2\" ><div\n\t\t\t\n\t\t\tclass=\"so-widget-sow-editor so-widget-sow-editor-base\"\n\t\t\t\n\t\t>\n<div class=\"siteorigin-widget-tinymce textwidget\">\n\t<ul>\n<li class=\"m_7217894364337889908ss-form-title\" dir=\"ltr\"><span class=\"il\">Sello<\/span>\u00a0Deusto Research\u00a0<span class=\"il\">Social<\/span> Impact 2020: \u00abTratamiento combinado de rehabilitaci\u00f3n cognitiva en pacientes con enfermedad de Parkinson y psicoeducaci\u00f3n en sus familiares cuidadores: Eficacia a corto y largo plazo\u00bb<\/li>\n<\/ul>\n<\/div>\n<\/div><\/div><\/div><div id=\"pgc-3559-2-1\"  class=\"panel-grid-cell\" ><div id=\"panel-3559-2-1-0\" class=\"so-panel widget widget_sow-editor panel-first-child panel-last-child\" data-index=\"3\" ><div\n\t\t\t\n\t\t\tclass=\"so-widget-sow-editor so-widget-sow-editor-base\"\n\t\t\t\n\t\t>\n<div class=\"siteorigin-widget-tinymce textwidget\">\n\t<ul>\n<li><span class=\"il\">Sello<\/span>\u00a0Deusto Research\u00a0<span class=\"il\">Social<\/span> Impact 2020: \u00abFunciones ejecutivas y prematuridad de bajo riesgo en la adolescencia y adultez temprana\u00bb<\/li>\n<\/ul>\n<\/div>\n<\/div><\/div><\/div><\/div><div id=\"pg-3559-3\"  class=\"panel-grid panel-no-style\" ><div id=\"pgc-3559-3-0\"  class=\"panel-grid-cell\" ><div id=\"panel-3559-3-0-0\" class=\"so-panel widget widget_sow-editor panel-first-child panel-last-child\" data-index=\"4\" ><div\n\t\t\t\n\t\t\tclass=\"so-widget-sow-editor so-widget-sow-editor-base\"\n\t\t\t\n\t\t>\n<div class=\"siteorigin-widget-tinymce textwidget\">\n\t<h3 style=\"text-align: center;\"><strong><span style=\"color: #64a592;\">2019<\/span><\/strong><\/h3>\n<\/div>\n<\/div><\/div><\/div><\/div><div id=\"pg-3559-4\"  class=\"panel-grid panel-no-style\" ><div id=\"pgc-3559-4-0\"  class=\"panel-grid-cell\" ><div id=\"panel-3559-4-0-0\" class=\"so-panel widget widget_sow-editor panel-first-child panel-last-child\" data-index=\"5\" ><div\n\t\t\t\n\t\t\tclass=\"so-widget-sow-editor so-widget-sow-editor-base\"\n\t\t\t\n\t\t>\n<div class=\"siteorigin-widget-tinymce textwidget\">\n\t<ul>\n<li><span class=\"il\">Sello<\/span>\u00a0Deusto Research\u00a0<span class=\"il\">Social<\/span> Impact 2020: \u00abBizkailab-Rehacop: Intervenciones de promoci\u00f3n del envejecimiento activo como estrategia de prevenci\u00f3n de la discapacidad y dependencia en personas mayores en Bizkaia. (REHACOG)\u00bb<\/li>\n<\/ul>\n<\/div>\n<\/div><\/div><\/div><div id=\"pgc-3559-4-1\"  class=\"panel-grid-cell\" ><div id=\"panel-3559-4-1-0\" class=\"so-panel widget widget_sow-editor panel-first-child panel-last-child\" data-index=\"6\" ><div\n\t\t\t\n\t\t\tclass=\"so-widget-sow-editor so-widget-sow-editor-base\"\n\t\t\t\n\t\t>\n<div class=\"siteorigin-widget-tinymce textwidget\">\n\t<ul>\n<li class=\"m_7217894364337889908ss-form-title\" dir=\"ltr\"><span class=\"il\">2\u00ba Premio Santander-Universidad de Deusto de Investigaci\u00f3n 2019<\/span><\/li>\n<\/ul>\n<\/div>\n<\/div><\/div><\/div><\/div><div id=\"pg-3559-5\"  class=\"panel-grid panel-no-style\" ><div id=\"pgc-3559-5-0\"  class=\"panel-grid-cell\" ><div id=\"panel-3559-5-0-0\" class=\"so-panel widget widget_sow-editor panel-first-child panel-last-child\" data-index=\"7\" ><div\n\t\t\t\n\t\t\tclass=\"so-widget-sow-editor so-widget-sow-editor-base\"\n\t\t\t\n\t\t>\n<div class=\"siteorigin-widget-tinymce textwidget\">\n\t<h3 style=\"text-align: center;\"><strong><span style=\"color: #64a592;\">2018<\/span><\/strong><\/h3>\n<\/div>\n<\/div><\/div><\/div><\/div><div id=\"pg-3559-6\"  class=\"panel-grid panel-no-style\" ><div id=\"pgc-3559-6-0\"  class=\"panel-grid-cell\" ><div id=\"panel-3559-6-0-0\" class=\"so-panel widget widget_sow-editor panel-first-child panel-last-child\" data-index=\"8\" ><div\n\t\t\t\n\t\t\tclass=\"so-widget-sow-editor so-widget-sow-editor-base\"\n\t\t\t\n\t\t>\n<div class=\"siteorigin-widget-tinymce textwidget\">\n\t<ul>\n<li>Premio-<span style=\"color: #2d4679;\"><a style=\"color: #2d4679;\" href=\"http:\/\/bilbaogazte.bilbao.eus\/es\/bilbao-gazte-balioak-martxan-2018\/\">Bilbao Gazte Balioak Martxan\u00a0<\/a><\/span><\/li>\n<\/ul>\n<p>&nbsp;<\/p>\n<\/div>\n<\/div><\/div><\/div><div id=\"pgc-3559-6-1\"  class=\"panel-grid-cell\" ><div id=\"panel-3559-6-1-0\" class=\"so-panel widget widget_sow-editor panel-first-child panel-last-child\" data-index=\"9\" ><div\n\t\t\t\n\t\t\tclass=\"so-widget-sow-editor so-widget-sow-editor-base\"\n\t\t\t\n\t\t>\n<div class=\"siteorigin-widget-tinymce textwidget\">\n\t<\/div>\n<\/div><\/div><\/div><\/div><div id=\"pg-3559-7\"  class=\"panel-grid panel-no-style\" ><div id=\"pgc-3559-7-0\"  class=\"panel-grid-cell\" ><div id=\"panel-3559-7-0-0\" class=\"so-panel widget widget_sow-editor panel-first-child panel-last-child\" data-index=\"10\" ><div\n\t\t\t\n\t\t\tclass=\"so-widget-sow-editor so-widget-sow-editor-base\"\n\t\t\t\n\t\t>\n<div class=\"siteorigin-widget-tinymce textwidget\">\n\t<h3 style=\"text-align: center;\"><strong><span style=\"color: #64a592;\">2017<\/span><\/strong><\/h3>\n<\/div>\n<\/div><\/div><\/div><\/div><div id=\"pg-3559-8\"  class=\"panel-grid panel-no-style\" ><div id=\"pgc-3559-8-0\"  class=\"panel-grid-cell\" ><div id=\"panel-3559-8-0-0\" class=\"so-panel widget widget_sow-editor panel-first-child panel-last-child\" data-index=\"11\" ><div\n\t\t\t\n\t\t\tclass=\"so-widget-sow-editor so-widget-sow-editor-base\"\n\t\t\t\n\t\t>\n<div class=\"siteorigin-widget-tinymce textwidget\">\n\t<ul>\n<li>La Uni\u00f3n Europea selecciona el <span style=\"color: #2d4679;\"><a style=\"color: #2d4679;\" href=\"http:\/\/psicologiayeducacion.deusto.es\/cs\/Satellite\/psicologiayeducacion\/es\/facultad-de-psicologia-y-educacion\/investigacion-y-transferencia\/transferencia\/rehacop\/que-es-el-rehacop\" target=\"_blank\" rel=\"noopener noreferrer\">Programa REHACOP<\/a><\/span>\u00a0como ejemplo de <span class=\"il\">Buenas<\/span>\u00a0P<span class=\"il\">r\u00e1cticas<\/span> implementadas en Europa y como uno de los 5 proyectos europeos destacados dentro de la <span style=\"color: #2d4679;\"><a style=\"color: #2d4679;\" href=\"http:\/\/afeinnovnet.eu\/\" target=\"_blank\" rel=\"noopener noreferrer\">AFE-INNOVNET Project.<\/a><\/span><\/li>\n<li>\n<p class=\"m_7217894364337889908ss-form-title\" dir=\"ltr\"><span class=\"il\">Sello<\/span>\u00a0Deusto Research\u00a0<span class=\"il\">Social<\/span>\u00a0Impact 2017<\/p>\n<\/li>\n<\/ul>\n<p>&nbsp;<\/p>\n<\/div>\n<\/div><\/div><\/div><div id=\"pgc-3559-8-1\"  class=\"panel-grid-cell\" ><div id=\"panel-3559-8-1-0\" class=\"so-panel widget widget_sow-editor panel-first-child panel-last-child\" data-index=\"12\" ><div\n\t\t\t\n\t\t\tclass=\"so-widget-sow-editor so-widget-sow-editor-base\"\n\t\t\t\n\t\t>\n<div class=\"siteorigin-widget-tinymce textwidget\">\n\t<ul>\n<li>Premio Melvin Yahr a Joven Investigadora en el Congreso Mundial del Parkinson en Vietnam, por\u00a0el estudio sobre rehabilitaci\u00f3n cognitiva en pacientes con Parkinson.<\/li>\n<\/ul>\n<\/div>\n<\/div><\/div><\/div><\/div><div id=\"pg-3559-9\"  class=\"panel-grid panel-no-style\" ><div id=\"pgc-3559-9-0\"  class=\"panel-grid-cell\" ><div id=\"panel-3559-9-0-0\" class=\"so-panel widget widget_sow-editor panel-first-child panel-last-child\" data-index=\"13\" ><div\n\t\t\t\n\t\t\tclass=\"so-widget-sow-editor so-widget-sow-editor-base\"\n\t\t\t\n\t\t>\n<div class=\"siteorigin-widget-tinymce textwidget\">\n\t<h3 style=\"text-align: center;\"><strong><span style=\"color: #64a592;\">2015<\/span><\/strong><\/h3>\n<\/div>\n<\/div><\/div><\/div><\/div><div id=\"pg-3559-10\"  class=\"panel-grid panel-no-style\" ><div id=\"pgc-3559-10-0\"  class=\"panel-grid-cell\" ><div id=\"panel-3559-10-0-0\" class=\"so-panel widget widget_sow-editor panel-first-child panel-last-child\" data-index=\"14\" ><div\n\t\t\t\n\t\t\tclass=\"so-widget-sow-editor so-widget-sow-editor-base\"\n\t\t\t\n\t\t>\n<div class=\"siteorigin-widget-tinymce textwidget\">\n\t<ul>\n<li>Premio Jordi Bernabeu al mejor p\u00f3ster cient\u00edfico del VI <a href=\"http:\/\/fanpse.org\/index.php\/ct-menu-item-49\" target=\"_blank\" rel=\"noopener noreferrer\"><span style=\"color: #2d4679;\">Congreso Nacional de Neuropsicolog\u00eda FANPSE <\/span><\/a>2015. P\u00f3ster \u00abConectividad funcional en estado de reposo y en una tarea de memoria en pacientes con enfermedad de Parkinson\u00bb.<\/li>\n<\/ul>\n<p>&nbsp;<\/p>\n<\/div>\n<\/div><\/div><\/div><div id=\"pgc-3559-10-1\"  class=\"panel-grid-cell\" ><div id=\"panel-3559-10-1-0\" class=\"so-panel widget widget_sow-editor panel-first-child panel-last-child\" data-index=\"15\" ><div\n\t\t\t\n\t\t\tclass=\"so-widget-sow-editor so-widget-sow-editor-base\"\n\t\t\t\n\t\t>\n<div class=\"siteorigin-widget-tinymce textwidget\">\n\t<ul>\n<li>Comunicaci\u00f3n oral seleccionada como Comunicaci\u00f3n Estelar en la L<span style=\"color: #2d4679;\"><a style=\"color: #2d4679;\" href=\"http:\/\/reunion.sen.es\/\" target=\"_blank\" rel=\"noopener noreferrer\">XVII Reuni\u00f3n Anual de Neurolog\u00eda SEN 2015<\/a><\/span> \u00abIncremento de la activaci\u00f3n cerebral tras la participaci\u00f3n en un programa de rehabilitaci\u00f3n cognitiva en enfermedad de Parkinson con el programa REHACOP\u00bb<\/li>\n<\/ul>\n<\/div>\n<\/div><\/div><\/div><\/div><div id=\"pg-3559-11\"  class=\"panel-grid panel-no-style\" ><div id=\"pgc-3559-11-0\"  class=\"panel-grid-cell\" ><div id=\"panel-3559-11-0-0\" class=\"so-panel widget widget_sow-editor panel-first-child panel-last-child\" data-index=\"16\" ><div\n\t\t\t\n\t\t\tclass=\"so-widget-sow-editor so-widget-sow-editor-base\"\n\t\t\t\n\t\t>\n<div class=\"siteorigin-widget-tinymce textwidget\">\n\t<h3 style=\"text-align: center;\"><strong><span style=\"color: #64a592;\">2013<\/span><\/strong><\/h3>\n<\/div>\n<\/div><\/div><\/div><\/div><div id=\"pg-3559-12\"  class=\"panel-grid panel-no-style\" ><div id=\"pgc-3559-12-0\"  class=\"panel-grid-cell\" ><div id=\"panel-3559-12-0-0\" class=\"so-panel widget widget_sow-editor panel-first-child panel-last-child\" data-index=\"17\" ><div\n\t\t\t\n\t\t\tclass=\"so-widget-sow-editor so-widget-sow-editor-base\"\n\t\t\t\n\t\t>\n<div class=\"siteorigin-widget-tinymce textwidget\">\n\t<ul class=\"font_8\">\n<li>\n<p class=\"font_8\">1er Premio Santander-Universidad de Deusto de Investigaci\u00f3n 2013.<\/p>\n<\/li>\n<\/ul>\n<ul class=\"font_8\">\n<li>\n<p class=\"font_8\">1er Premio CONVIVE. Fundaci\u00f3n Espa\u00f1ola de Psiquiatr\u00eda y Salud Mental al proyecto \u201cRecuperaci\u00f3n sintomatol\u00f3gica, cognitiva y funcional enesquizofrenia con un programa de rehabilitaci\u00f3n cognitiva integral\u201d, 2013.<\/p>\n<\/li>\n<\/ul>\n<\/div>\n<\/div><\/div><\/div><div id=\"pgc-3559-12-1\"  class=\"panel-grid-cell\" ><div id=\"panel-3559-12-1-0\" class=\"so-panel widget widget_sow-editor panel-first-child panel-last-child\" data-index=\"18\" ><div\n\t\t\t\n\t\t\tclass=\"so-widget-sow-editor so-widget-sow-editor-base\"\n\t\t\t\n\t\t>\n<div class=\"siteorigin-widget-tinymce textwidget\">\n\t<ul class=\"font_8\">\n<li>\n<p class=\"font_8\">1er Premio a la Innovaci\u00f3n de Calidad y Mejora en el Trabajo por el programa Rehacop y su implementaci\u00f3n cl\u00ednica. Osakidetza, 2013.<\/p>\n<\/li>\n<\/ul>\n<\/div>\n<\/div><\/div><\/div><\/div><div id=\"pg-3559-13\"  class=\"panel-grid panel-no-style\" ><div id=\"pgc-3559-13-0\"  class=\"panel-grid-cell\" ><div id=\"panel-3559-13-0-0\" class=\"so-panel widget widget_sow-editor panel-first-child panel-last-child\" data-index=\"19\" ><div\n\t\t\t\n\t\t\tclass=\"so-widget-sow-editor so-widget-sow-editor-base\"\n\t\t\t\n\t\t>\n<div class=\"siteorigin-widget-tinymce textwidget\">\n\t<h3 style=\"text-align: center;\"><strong><span style=\"color: #64a592;\">2009<\/span><\/strong><\/h3>\n<\/div>\n<\/div><\/div><\/div><\/div><div id=\"pg-3559-14\"  class=\"panel-grid panel-no-style\" ><div id=\"pgc-3559-14-0\"  class=\"panel-grid-cell\" ><div id=\"panel-3559-14-0-0\" class=\"so-panel widget widget_sow-editor panel-first-child panel-last-child\" data-index=\"20\" ><div\n\t\t\t\n\t\t\tclass=\"so-widget-sow-editor so-widget-sow-editor-base\"\n\t\t\t\n\t\t>\n<div class=\"siteorigin-widget-tinymce textwidget\">\n\t<ul>\n<li>Premio\u00a0Euskalit\u00a0sobre Innovaci\u00f3n del Club 400 de la Fundaci\u00f3n Vasca para la Excelencia\u00a02009\u00a0por el juego\u00a0\u201cUn Peque\u00f1o Reto\u201d<\/li>\n<\/ul>\n<\/div>\n<\/div><\/div><\/div><div id=\"pgc-3559-14-1\"  class=\"panel-grid-cell\" ><div id=\"panel-3559-14-1-0\" class=\"so-panel widget widget_sow-editor panel-first-child panel-last-child\" data-index=\"21\" ><div\n\t\t\t\n\t\t\tclass=\"so-widget-sow-editor so-widget-sow-editor-base\"\n\t\t\t\n\t\t>\n<div class=\"siteorigin-widget-tinymce textwidget\">\n\t<ul>\n<li>1er Premio\u00a0a la mejor\u00a0comunicaci\u00f3n cient\u00edfica\u00a0en el\u00a0VII Congreso de Psiquiatr\u00eda Virtual 2009<\/li>\n<\/ul>\n<\/div>\n<\/div><\/div><\/div><\/div><div id=\"pg-3559-15\"  class=\"panel-grid panel-no-style\" ><div id=\"pgc-3559-15-0\"  class=\"panel-grid-cell\" ><div id=\"panel-3559-15-0-0\" class=\"so-panel widget widget_sow-editor panel-first-child panel-last-child\" data-index=\"22\" ><div\n\t\t\t\n\t\t\tclass=\"so-widget-sow-editor so-widget-sow-editor-base\"\n\t\t\t\n\t\t>\n<div class=\"siteorigin-widget-tinymce textwidget\">\n\t<h3 style=\"text-align: center;\"><strong><span style=\"color: #64a592;\">2008<\/span><\/strong><\/h3>\n<\/div>\n<\/div><\/div><\/div><\/div><div id=\"pg-3559-16\"  class=\"panel-grid panel-no-style\" ><div id=\"pgc-3559-16-0\"  class=\"panel-grid-cell\" ><div id=\"panel-3559-16-0-0\" class=\"so-panel widget widget_sow-editor panel-first-child panel-last-child\" data-index=\"23\" ><div\n\t\t\t\n\t\t\tclass=\"so-widget-sow-editor so-widget-sow-editor-base\"\n\t\t\t\n\t\t>\n<div class=\"siteorigin-widget-tinymce textwidget\">\n\t<ul class=\"font_8\">\n<li>\n<p class=\"font_8\">Premio\u00a0Buenas pr\u00e1cticas en gesti\u00f3n en Osakidetza 2008,\u00a0Departamento de Sanidad de Gobierno Vasco.<\/p>\n<\/li>\n<\/ul>\n<ul class=\"font_7\">\n<li>\n<p class=\"font_7\">1er Premio de Innovaci\u00f3n en el Trabajo 2008,\u00a0Hospital Psiqui\u00e1trico de Alava, Osakidetza por el juego\u00a0\u201cUn Peque\u00f1o Reto\u201d.<\/p>\n<\/li>\n<\/ul>\n<\/div>\n<\/div><\/div><\/div><div id=\"pgc-3559-16-1\"  class=\"panel-grid-cell\" ><div id=\"panel-3559-16-1-0\" class=\"so-panel widget widget_sow-editor panel-first-child panel-last-child\" data-index=\"24\" ><div\n\t\t\t\n\t\t\tclass=\"so-widget-sow-editor so-widget-sow-editor-base\"\n\t\t\t\n\t\t>\n<div class=\"siteorigin-widget-tinymce textwidget\">\n\t<ul class=\"font_8\">\n<li>\n<p class=\"font_8\">1er Premio Santander-Universidad de Deusto de Investigaci\u00f3n 2008 a la trayectoria de investigaci\u00f3n.<\/p>\n<\/li>\n<\/ul>\n<\/div>\n<\/div><\/div><\/div><\/div><div id=\"pg-3559-17\"  class=\"panel-grid panel-no-style\" ><div id=\"pgc-3559-17-0\"  class=\"panel-grid-cell\" ><div id=\"panel-3559-17-0-0\" class=\"so-panel widget widget_sow-editor panel-first-child panel-last-child\" data-index=\"25\" ><div\n\t\t\t\n\t\t\tclass=\"so-widget-sow-editor so-widget-sow-editor-base\"\n\t\t\t\n\t\t>\n<div class=\"siteorigin-widget-tinymce textwidget\">\n\t<h3 style=\"text-align: center;\"><strong><span style=\"color: #64a592;\">2006<\/span><\/strong><\/h3>\n<\/div>\n<\/div><\/div><\/div><\/div><div id=\"pg-3559-18\"  class=\"panel-grid panel-no-style\" ><div id=\"pgc-3559-18-0\"  class=\"panel-grid-cell\" ><div id=\"panel-3559-18-0-0\" class=\"so-panel widget widget_sow-editor panel-first-child panel-last-child\" data-index=\"26\" ><div\n\t\t\t\n\t\t\tclass=\"so-widget-sow-editor so-widget-sow-editor-base\"\n\t\t\t\n\t\t>\n<div class=\"siteorigin-widget-tinymce textwidget\">\n\t<ul class=\"font_8\">\n<li>\n<p class=\"font_8\">Premio Amadeo S\u00e1nchez Blanqu\u00e9\u00a0a la mejor\u00a0comunicaci\u00f3n cient\u00edfica\u00a0sobre Investigaci\u00f3n Cl\u00ednica en Psiquiatr\u00eda convocado por la Sociedad Espa\u00f1ola de Psiquiatr\u00eda Biol\u00f3gica.\u00a0X Congreso Nacional de Psiquiatr\u00eda, Sevilla 2006.<\/p>\n<\/li>\n<\/ul>\n<\/div>\n<\/div><\/div><\/div><div id=\"pgc-3559-18-1\"  class=\"panel-grid-cell\" ><div id=\"panel-3559-18-1-0\" class=\"so-panel widget widget_sow-editor panel-first-child panel-last-child\" data-index=\"27\" ><div\n\t\t\t\n\t\t\tclass=\"so-widget-sow-editor so-widget-sow-editor-base\"\n\t\t\t\n\t\t>\n<div class=\"siteorigin-widget-tinymce textwidget\">\n\t<\/div>\n<\/div><\/div><\/div><\/div><div id=\"pg-3559-19\"  class=\"panel-grid panel-no-style\" ><div id=\"pgc-3559-19-0\"  class=\"panel-grid-cell\" ><div id=\"panel-3559-19-0-0\" class=\"so-panel widget widget_sow-editor panel-first-child panel-last-child\" data-index=\"28\" ><div\n\t\t\t\n\t\t\tclass=\"so-widget-sow-editor so-widget-sow-editor-base\"\n\t\t\t\n\t\t>\n<div class=\"siteorigin-widget-tinymce textwidget\">\n\t<h3 style=\"text-align: center;\"><strong><span style=\"color: #64a592;\">2005<\/span><\/strong><\/h3>\n<\/div>\n<\/div><\/div><\/div><\/div><div id=\"pg-3559-20\"  class=\"panel-grid panel-no-style\" ><div id=\"pgc-3559-20-0\"  class=\"panel-grid-cell\" ><div id=\"panel-3559-20-0-0\" class=\"so-panel widget widget_sow-editor panel-first-child panel-last-child\" data-index=\"29\" ><div\n\t\t\t\n\t\t\tclass=\"so-widget-sow-editor so-widget-sow-editor-base\"\n\t\t\t\n\t\t>\n<div class=\"siteorigin-widget-tinymce textwidget\">\n\t<ul class=\"font_8\">\n<li>\n<p class=\"font_8\">Segundo Acc\u00e9sit\u00a0del Premio de Investigaci\u00f3n de la Asociaci\u00f3n Nacional de Enfermer\u00eda en Salud Mental\u00a0(ANESM) 2005\u00a0por el trabajo titulado\u00a0\u201cIntervenciones Terap\u00e9uticas Intensivas: influencia en pacientes con refractariedad al tratamiento psiqui\u00e1trico\u201d.<\/p>\n<\/li>\n<\/ul>\n<\/div>\n<\/div><\/div><\/div><div id=\"pgc-3559-20-1\"  class=\"panel-grid-cell\" ><div id=\"panel-3559-20-1-0\" class=\"so-panel widget widget_sow-editor panel-first-child panel-last-child\" data-index=\"30\" ><div\n\t\t\t\n\t\t\tclass=\"so-widget-sow-editor so-widget-sow-editor-base\"\n\t\t\t\n\t\t>\n<div class=\"siteorigin-widget-tinymce textwidget\">\n\t<\/div>\n<\/div><\/div><\/div><\/div><div id=\"pg-3559-21\"  class=\"panel-grid panel-no-style\" ><div id=\"pgc-3559-21-0\"  class=\"panel-grid-cell\" ><div id=\"panel-3559-21-0-0\" class=\"so-panel widget widget_sow-editor panel-first-child panel-last-child\" data-index=\"31\" ><div\n\t\t\t\n\t\t\tclass=\"so-widget-sow-editor so-widget-sow-editor-base\"\n\t\t\t\n\t\t>\n<div class=\"siteorigin-widget-tinymce textwidget\">\n\t<h3 style=\"text-align: center;\"><strong><span style=\"color: #64a592;\">2001<\/span><\/strong><\/h3>\n<\/div>\n<\/div><\/div><\/div><\/div><div id=\"pg-3559-22\"  class=\"panel-grid panel-no-style\" ><div id=\"pgc-3559-22-0\"  class=\"panel-grid-cell\" ><div id=\"panel-3559-22-0-0\" class=\"so-panel widget widget_sow-editor panel-first-child panel-last-child\" data-index=\"32\" ><div\n\t\t\t\n\t\t\tclass=\"so-widget-sow-editor so-widget-sow-editor-base\"\n\t\t\t\n\t\t>\n<div class=\"siteorigin-widget-tinymce textwidget\">\n\t<ul class=\"font_8\">\n<li>\n<p class=\"font_8\">1er Premio\u00a0al mejor\u00a0p\u00f3ster cient\u00edfico. Congreso Internacional de Asociaci\u00f3n Mundial de Psiquiatr\u00eda. Madrid, 2001<\/p>\n<\/li>\n<\/ul>\n<\/div>\n<\/div><\/div><\/div><div id=\"pgc-3559-22-1\"  class=\"panel-grid-cell\" ><div id=\"panel-3559-22-1-0\" class=\"so-panel widget widget_sow-editor panel-first-child panel-last-child\" data-index=\"33\" ><div\n\t\t\t\n\t\t\tclass=\"so-widget-sow-editor so-widget-sow-editor-base\"\n\t\t\t\n\t\t>\n<div class=\"siteorigin-widget-tinymce textwidget\">\n\t<ul>\n<li>2\u00ba Premio\u00a0Internacional a la Calidad y Relevancia Cient\u00edfica.\u00a07th World Congress of Biological Psychiatry, Berlin Julio 2001.<\/li>\n<\/ul>\n<\/div>\n<\/div><\/div><\/div><\/div><\/div>","protected":false},"excerpt":{"rendered":"<p>NUESTROS PREMIOS 2020<\/p>\n","protected":false},"author":1001,"featured_media":0,"parent":0,"menu_order":0,"comment_status":"closed","ping_status":"closed","template":"","meta":{"_acf_changed":false,"footnotes":""},"class_list":["post-3559","page","type-page","status-publish","hentry"],"acf":[],"_links":{"self":[{"href":"https:\/\/neurolab.deusto.es\/en\/wp-json\/wp\/v2\/pages\/3559","targetHints":{"allow":["GET"]}}],"collection":[{"href":"https:\/\/neurolab.deusto.es\/en\/wp-json\/wp\/v2\/pages"}],"about":[{"href":"https:\/\/neurolab.deusto.es\/en\/wp-json\/wp\/v2\/types\/page"}],"author":[{"embeddable":true,"href":"https:\/\/neurolab.deusto.es\/en\/wp-json\/wp\/v2\/users\/1001"}],"replies":[{"embeddable":true,"href":"https:\/\/neurolab.deusto.es\/en\/wp-json\/wp\/v2\/comments?post=3559"}],"version-history":[{"count":1,"href":"https:\/\/neurolab.deusto.es\/en\/wp-json\/wp\/v2\/pages\/3559\/revisions"}],"predecessor-version":[{"id":3611,"href":"https:\/\/neurolab.deusto.es\/en\/wp-json\/wp\/v2\/pages\/3559\/revisions\/3611"}],"wp:attachment":[{"href":"https:\/\/neurolab.deusto.es\/en\/wp-json\/wp\/v2\/media?parent=3559"}],"curies":[{"name":"wp","href":"https:\/\/api.w.org\/{rel}","templated":true}]}}