{"id":3557,"date":"2022-03-25T09:18:08","date_gmt":"2022-03-25T08:18:08","guid":{"rendered":"https:\/\/devneurolab.deusto.es\/rehacop\/"},"modified":"2022-03-25T09:18:08","modified_gmt":"2022-03-25T08:18:08","slug":"rehacop","status":"publish","type":"page","link":"https:\/\/neurolab.deusto.es\/en\/rehacop\/","title":{"rendered":"Rehacop"},"content":{"rendered":"<div id=\"pl-3557\"  class=\"panel-layout\" ><div id=\"pg-3557-0\"  class=\"panel-grid panel-no-style\" ><div id=\"pgc-3557-0-0\"  class=\"panel-grid-cell\" ><div id=\"panel-3557-0-0-0\" class=\"so-panel widget widget_nav_menu panel-first-child panel-last-child\" data-index=\"0\" ><\/div><\/div><div id=\"pgc-3557-0-1\"  class=\"panel-grid-cell\" ><div id=\"panel-3557-0-1-0\" class=\"so-panel widget widget_media_image panel-first-child panel-last-child\" data-index=\"1\" ><img loading=\"lazy\" decoding=\"async\" class=\"image \" src=\"https:\/\/neurolab.deusto.es\/neurolab-pruebas\/wp-content\/uploads\/2022\/03\/rehacop.jpg\" alt=\"\" width=\"1680\" height=\"525\" \/><\/div><\/div><\/div><div id=\"pg-3557-1\"  class=\"panel-grid panel-no-style\" ><div id=\"pgc-3557-1-0\"  class=\"panel-grid-cell\" ><div id=\"panel-3557-1-0-0\" class=\"so-panel widget widget_text panel-first-child panel-last-child\" data-index=\"2\" ><h3 class=\"widget-title\">\u00bfQu\u00e9 es el Rehacop?<\/h3>\t\t\t<div class=\"textwidget\"><p>El <strong>REHACOP<\/strong> es un programa de rehabilitaci\u00f3n neuropsicol\u00f3gica basado en una metodolog\u00eda cient\u00edfica probada y con m\u00faltiples evidencias de <strong>eficacia<\/strong> en pacientes con <strong>diferentes diagn\u00f3sticos.<\/strong> Fruto del estudio de esta eficacia en diferentes poblaciones, existen ya varias <strong>publicaciones cient\u00edficas<\/strong> nacionales e internacionales en revistas de alto impacto cient\u00edfico. Adem\u00e1s, actualmente, se sigue trabajando para probar este programa en <strong>otras poblaciones cl\u00ednicas.<\/strong> El desarrollo del Rehacop es fruto del trabajo de varios especialistas en neuropsicolog\u00eda con m\u00e1s de 18 a\u00f1os de experiencia en el \u00e1rea.<\/p>\n<p>Es un programa integral y estructurado, con ocho m\u00f3dulos de trabajo:<\/p>\n<ul>\n<li>Atenci\u00f3n<\/li>\n<li>Lenguaje<\/li>\n<li>Memoria<\/li>\n<li>Funciones ejecutivas<\/li>\n<li>Actividades de la vida diaria<\/li>\n<li>Habilidades sociales<\/li>\n<li>Cognici\u00f3n social<\/li>\n<li>Psicoeducaci\u00f3n<\/li>\n<\/ul>\n<p>Se compone de un total de <strong>300 ejercicios de rehabilitaci\u00f3n,<\/strong> f\u00e1ciles de administrar con instrucciones y soluciones, orientaciones para la evaluaci\u00f3n del cambio, fichas de seguimiento y sugerencias sobre ejercicios para casa.<\/p>\n<p>Los ejercicios est\u00e1n estructurados por subdominios cognitivos y por niveles de dificultad. Incluye recomendaciones y orientaciones sobre c\u00f3mo evaluar el cambio o mejor\u00eda, o c\u00f3mo recoger y utilizar la informaci\u00f3n en las sesiones de trabajo con los pacientes. Los materiales son pr\u00e1cticos, a color, e incluyen las instrucciones para los pacientes y las soluciones para el terapeuta.<\/p>\n<p>Se puede utilizar en <strong>sesiones individuales o grupales,<\/strong> y se recomienda que el terapeuta sea una persona con formaci\u00f3n en neuropsicolog\u00eda.<br \/>\nSu <strong>presentaci\u00f3n p\u00fablica oficial<\/strong> se realiz\u00f3 el d\u00eda 26 de septiembre de 2012 en el contexto del XVI Congreso Nacional de Psiquiatr\u00eda en Bilbao. A d\u00eda de hoy, el programa Rehacop ha sido reeditado y actualizado en varias ocasiones, siendo la 3\u00aa edici\u00f3n la \u00faltima y m\u00e1s actualizada disponible actualmente.<\/p>\n<p>Existen otros programas de rehabilitaci\u00f3n creados por nuestro equipo. Espec\u00edficamente, tomando el Rehacop y el trabajo realizado con el mismo como referencia, se ha desarrollado una versi\u00f3n espec\u00edfica adaptada para personas mayores de 55 a\u00f1os, el <a href=\"http:\/\/rehacog.deusto.es\" target=\"_blank\" rel=\"noopener\">REHACOG<\/a>.<\/p>\n<p><em>RPS-111\/17<\/em><\/p>\n<\/div>\n\t\t<\/div><\/div><\/div><\/div>","protected":false},"excerpt":{"rendered":"<p>El REHACOP es un programa de rehabilitaci\u00f3n neuropsicol\u00f3gica basado en una metodolog\u00eda cient\u00edfica probada y con m\u00faltiples evidencias de eficacia en pacientes con diferentes diagn\u00f3sticos. Fruto del estudio de esta eficacia en diferentes poblaciones, existen ya varias publicaciones cient\u00edficas nacionales e internacionales en revistas de alto impacto cient\u00edfico. Adem\u00e1s, actualmente, se sigue trabajando para probar [&hellip;]<\/p>\n","protected":false},"author":1001,"featured_media":0,"parent":0,"menu_order":0,"comment_status":"closed","ping_status":"closed","template":"","meta":{"_acf_changed":false,"footnotes":""},"class_list":["post-3557","page","type-page","status-publish","hentry"],"acf":[],"_links":{"self":[{"href":"https:\/\/neurolab.deusto.es\/en\/wp-json\/wp\/v2\/pages\/3557","targetHints":{"allow":["GET"]}}],"collection":[{"href":"https:\/\/neurolab.deusto.es\/en\/wp-json\/wp\/v2\/pages"}],"about":[{"href":"https:\/\/neurolab.deusto.es\/en\/wp-json\/wp\/v2\/types\/page"}],"author":[{"embeddable":true,"href":"https:\/\/neurolab.deusto.es\/en\/wp-json\/wp\/v2\/users\/1001"}],"replies":[{"embeddable":true,"href":"https:\/\/neurolab.deusto.es\/en\/wp-json\/wp\/v2\/comments?post=3557"}],"version-history":[{"count":0,"href":"https:\/\/neurolab.deusto.es\/en\/wp-json\/wp\/v2\/pages\/3557\/revisions"}],"wp:attachment":[{"href":"https:\/\/neurolab.deusto.es\/en\/wp-json\/wp\/v2\/media?parent=3557"}],"curies":[{"name":"wp","href":"https:\/\/api.w.org\/{rel}","templated":true}]}}