{"id":3556,"date":"2022-03-25T09:25:46","date_gmt":"2022-03-25T08:25:46","guid":{"rendered":"https:\/\/devneurolab.deusto.es\/modulos-y-ejercicios\/"},"modified":"2022-03-25T09:25:46","modified_gmt":"2022-03-25T08:25:46","slug":"modulos-y-ejercicios","status":"publish","type":"page","link":"https:\/\/neurolab.deusto.es\/en\/rehacop\/modulos-y-ejercicios\/","title":{"rendered":"M\u00f3dulos y ejercicios"},"content":{"rendered":"<div id=\"pl-3556\"  class=\"panel-layout\" ><div id=\"pg-3556-0\"  class=\"panel-grid panel-no-style\" ><div id=\"pgc-3556-0-0\"  class=\"panel-grid-cell\" ><div id=\"panel-3556-0-0-0\" class=\"so-panel widget widget_nav_menu panel-first-child panel-last-child\" data-index=\"0\" ><\/div><\/div><div id=\"pgc-3556-0-1\"  class=\"panel-grid-cell\" ><div id=\"panel-3556-0-1-0\" class=\"so-panel widget widget_media_image panel-first-child panel-last-child\" data-index=\"1\" ><img loading=\"lazy\" decoding=\"async\" class=\"image \" src=\"https:\/\/neurolab.deusto.es\/neurolab-pruebas\/wp-content\/uploads\/2022\/03\/rehacop.jpg\" alt=\"\" width=\"1680\" height=\"525\" \/><\/div><\/div><\/div><div id=\"pg-3556-1\"  class=\"panel-grid panel-no-style\" ><div id=\"pgc-3556-1-0\"  class=\"panel-grid-cell panel-grid-cell-empty\" ><\/div><\/div><div id=\"pg-3556-2\"  class=\"panel-grid panel-no-style\" ><div id=\"pgc-3556-2-0\"  class=\"panel-grid-cell\" ><div id=\"panel-3556-2-0-0\" class=\"so-panel widget widget_text panel-first-child panel-last-child\" data-index=\"2\" >\t\t\t<div class=\"textwidget\"><p>El REHACOP se compone de un total de 300 ejercicios divididos en\u00a0<strong>8 m\u00f3dulos\u00a0<\/strong>del siguiente modo:<\/p>\n<ul>\n<li><strong>M\u00d3DULO 1 &#8211; ATENCI\u00d3N: <\/strong>61 ejercicios sobre atenci\u00f3n sostenida, selectiva, dividida y alternante.<\/li>\n<li><strong>M\u00d3DULO 2 &#8211; APRENDIZAJE Y MEMORIA:<\/strong> Adem\u00e1s de los 24 ejercicios espec\u00edficos, este m\u00f3dulo incluye un entrenamiento en t\u00e9cnicas compensatorias y psicoeducaci\u00f3n sobre c\u00f3mo mejorar los h\u00e1bitos de vida relacionados con el\u00a0<strong>rendimiento amn\u00e9sico.<\/strong><\/li>\n<li><strong>M\u00d3DULO 3 &#8211; LENGUAJE:<\/strong> Sintaxis, gram\u00e1tica, vocabulario, comprensi\u00f3n verbal, fluidez verbal, y lenguaje abstracto, son las habilidades del lenguaje que se recogen en este m\u00f3dulo a lo largo de 40 ejercicios.<\/li>\n<li><strong>M\u00d3DULO 4 &#8211; FUNCIONES EJECUTIVAS:<\/strong> Ejercicios dirigidos a la mejor\u00eda de habilidades de iniciaci\u00f3n, mantenimiento y finalizaci\u00f3n, resoluci\u00f3n de problemas novedosos, y flexibilidad cognitiva.<\/li>\n<li><strong>M\u00d3DULO 5 &#8211; COGNICI\u00d3N SOCIAL:<\/strong> Con subdominios de entrenamiento en reconocimiento de emociones, razonamiento social, dilemas morales, y teor\u00eda de la mente hasta un total de 54 actividades estructuradas.<\/li>\n<li><strong>M\u00d3DULO 6 &#8211; HABILIDADES SOCIALES:<\/strong> 55 ejercicios estructurados en un m\u00e9todo de 10 pasos de entrenamiento que recorre todas las actividades de interacci\u00f3n esenciales para la mejor\u00eda de la comunicaci\u00f3n entre pacientes y las personas de su entorno.<\/li>\n<li><strong>M\u00d3DULO 7 &#8211; ACTIVIDADES DE LA VIDA DIARIA:<\/strong> El Rehacop tiene una orientaci\u00f3n funcional y busca mejorar la calidad de vida y la autonom\u00eda funcional del paciente. A lo largo de todos los m\u00f3dulos se incluyen ejercicios funcionales. En este m\u00f3dulo, se realiza un repaso espec\u00edfico de muchas de ellas a lo largo de 41 actividades b\u00e1sicas, instrumentales y avanzadas.<\/li>\n<li><strong>M\u00d3DULO 8 &#8211; PSICOEDUCACI\u00d3N:<\/strong> Este m\u00f3dulo incluye un CD con los materiales necesarios para usar durante la formaci\u00f3n en psicoeducaci\u00f3n con pacientes y\/o familiares en \u00e1reas como Cuestiones generales y s\u00edntomas, la Medicaci\u00f3n y otras terapias, Consumo de t\u00f3xicos, Informaci\u00f3n espec\u00edfica para familias, Recursos sociales, Relajaci\u00f3n.<\/li>\n<\/ul>\n<p>El programa completo son\u00a0<strong>dos carpetas o manuales:\u00a0<\/strong>una para el terapeuta y otra para el paciente. Los contenidos de cada carpeta var\u00edan y est\u00e1n organizados para que ambos cuenten con todo lo necesario para llevar a cabo el proceso sin necesitar de recursos adicionales.<\/p>\n<p>Una vez adquirido el\u00a0<strong>manual del terapeuta,<\/strong>\u00a0este podr\u00e1 ser utilizado por el terapeuta\u00a0<strong>tantas veces<\/strong>\u00a0como considere necesario. Sin embargo, recomendamos adquirir un manual del paciente para cada paciente ya que este trabajar\u00e1 con l\u00e1piz-bol\u00edgrafo sobre los ejercicios del manual.<\/p>\n<p>La administraci\u00f3n de este programa puede ser tanto individual como grupal. Con una frecuencia de\u00a0<strong>3 sesiones\/semana\u00a0<\/strong>de\u00a0<strong>1 hora y media<\/strong>\u00a0de duraci\u00f3n, tendr\u00e1 material para trabajar aproximadamente\u00a0<strong>5 meses<\/strong>\u00a0con su paciente. El precio de los manuales est\u00e1 muy ajustado para facilitar que el paciente disfrute de los materiales a color, cuyo atractivo facilita la implicaci\u00f3n y motivaci\u00f3n del paciente.<\/p>\n<\/div>\n\t\t<\/div><\/div><\/div><\/div>","protected":false},"excerpt":{"rendered":"<p>El REHACOP se compone de un total de 300 ejercicios divididos en\u00a08 m\u00f3dulos\u00a0del siguiente modo: M\u00d3DULO 1 &#8211; ATENCI\u00d3N: 61 ejercicios sobre atenci\u00f3n sostenida, selectiva, dividida y alternante. M\u00d3DULO 2 &#8211; APRENDIZAJE Y MEMORIA: Adem\u00e1s de los 24 ejercicios espec\u00edficos, este m\u00f3dulo incluye un entrenamiento en t\u00e9cnicas compensatorias y psicoeducaci\u00f3n sobre c\u00f3mo mejorar los h\u00e1bitos [&hellip;]<\/p>\n","protected":false},"author":1001,"featured_media":0,"parent":3557,"menu_order":0,"comment_status":"closed","ping_status":"closed","template":"","meta":{"_acf_changed":false,"footnotes":""},"class_list":["post-3556","page","type-page","status-publish","hentry"],"acf":[],"_links":{"self":[{"href":"https:\/\/neurolab.deusto.es\/en\/wp-json\/wp\/v2\/pages\/3556","targetHints":{"allow":["GET"]}}],"collection":[{"href":"https:\/\/neurolab.deusto.es\/en\/wp-json\/wp\/v2\/pages"}],"about":[{"href":"https:\/\/neurolab.deusto.es\/en\/wp-json\/wp\/v2\/types\/page"}],"author":[{"embeddable":true,"href":"https:\/\/neurolab.deusto.es\/en\/wp-json\/wp\/v2\/users\/1001"}],"replies":[{"embeddable":true,"href":"https:\/\/neurolab.deusto.es\/en\/wp-json\/wp\/v2\/comments?post=3556"}],"version-history":[{"count":0,"href":"https:\/\/neurolab.deusto.es\/en\/wp-json\/wp\/v2\/pages\/3556\/revisions"}],"up":[{"embeddable":true,"href":"https:\/\/neurolab.deusto.es\/en\/wp-json\/wp\/v2\/pages\/3557"}],"wp:attachment":[{"href":"https:\/\/neurolab.deusto.es\/en\/wp-json\/wp\/v2\/media?parent=3556"}],"curies":[{"name":"wp","href":"https:\/\/api.w.org\/{rel}","templated":true}]}}