{"id":3554,"date":"2022-03-25T09:38:03","date_gmt":"2022-03-25T08:38:03","guid":{"rendered":"https:\/\/devneurolab.deusto.es\/adquirir-el-rehacop\/"},"modified":"2022-03-25T09:38:03","modified_gmt":"2022-03-25T08:38:03","slug":"adquirir-el-rehacop","status":"publish","type":"page","link":"https:\/\/neurolab.deusto.es\/en\/rehacop\/adquirir-el-rehacop\/","title":{"rendered":"Adquirir el Rehacop"},"content":{"rendered":"<div id=\"pl-3554\"  class=\"panel-layout\" ><div id=\"pg-3554-0\"  class=\"panel-grid panel-no-style\" ><div id=\"pgc-3554-0-0\"  class=\"panel-grid-cell\" ><div id=\"panel-3554-0-0-0\" class=\"so-panel widget widget_nav_menu panel-first-child panel-last-child\" data-index=\"0\" ><\/div><\/div><div id=\"pgc-3554-0-1\"  class=\"panel-grid-cell\" ><div id=\"panel-3554-0-1-0\" class=\"so-panel widget widget_media_image panel-first-child panel-last-child\" data-index=\"1\" ><img loading=\"lazy\" decoding=\"async\" class=\"image \" src=\"https:\/\/neurolab.deusto.es\/neurolab-pruebas\/wp-content\/uploads\/2022\/03\/rehacop.jpg\" alt=\"\" width=\"1680\" height=\"525\" \/><\/div><\/div><\/div><div id=\"pg-3554-1\"  class=\"panel-grid panel-no-style\" ><div id=\"pgc-3554-1-0\"  class=\"panel-grid-cell panel-grid-cell-empty\" ><\/div><\/div><div id=\"pg-3554-2\"  class=\"panel-grid panel-no-style\" ><div id=\"pgc-3554-2-0\"  class=\"panel-grid-cell\" ><div id=\"panel-3554-2-0-0\" class=\"so-panel widget widget_text panel-first-child panel-last-child\" data-index=\"2\" ><h3 class=\"widget-title\">Adquirir el REHACOP (2\u00aa edici\u00f3n)<\/h3>\t\t\t<div class=\"textwidget\"><p><strong>Manual terapeuta:<\/strong> 145,60 euros IVA incluido<\/p>\n<p><strong>Manual paciente:<\/strong> 62,40 euros IVA incluido<\/p>\n<p>&nbsp;<\/p>\n<p><strong>CONTACTO<\/strong><\/p>\n<p>Natalia Ojeda<br \/>\nTel.: 944 139 000<br \/>\n<a href=\"mailto:nojeda@deusto.es\">nojeda@deusto.es<\/a><\/p>\n<p><strong>Nota:<\/strong>\u00a0Una vez adquirido el\u00a0<strong>manual del terapeuta,<\/strong>\u00a0este podr\u00e1 ser utilizado por el terapeuta tantas veces como considere necesario. Sin embargo, recomendamos adquirir un\u00a0<strong>manual del paciente<\/strong>\u00a0para cada paciente ya que este trabajar\u00e1 con l\u00e1piz-bol\u00edgrafo sobre los ejercicios del manual.<\/p>\n<p>Con una frecuencia de\u00a0<strong>3 sesiones\/semana<\/strong>\u00a0de\u00a0<strong>1 hora y media\u00a0<\/strong>de duraci\u00f3n, tendr\u00e1 material para trabajar aproximadamente 5 meses con su paciente. El precio de los manuales est\u00e1 muy ajustado para facilitar que el paciente disfrute de los materiales a color, cuyo atractivo facilita la implicaci\u00f3n y motivaci\u00f3n del paciente.<\/p>\n<p><em>\u00a0<\/em><\/p>\n<h4>Otros programas de rehabilitaci\u00f3n e instrumentos de evaluaci\u00f3n<\/h4>\n<p><strong>REHACOG<\/strong><\/p>\n<p>El REHACOG es un programa de rehabilitaci\u00f3n neuropsicol\u00f3gica que act\u00faa a nivel preventivo para frenar el posible deterioro cognitivo. El programa supone una herramienta de rehabilitaci\u00f3n integral que mejora la cognici\u00f3n, la funcionalidad y la calidad de vida en las personas mayores, previniendo el deterioro cognitivo que evoluciona al desarrollo de una demencia.<\/p>\n<p><a href=\"http:\/\/rehacog.deusto.es\/\" target=\"_blank\" rel=\"noopener\">Programa<\/a><\/p>\n<p><strong>Interpretar una sonrisa<\/strong><\/p>\n<p>Este programa es una adaptaci\u00f3n al espa\u00f1ol del programa australiano \u201cReading a Smile (and Other Great Expressions)\u201d de\u00a0<a href=\"https:\/\/www.google.es\/search?hl=es&amp;tbo=p&amp;tbm=bks&amp;q=inauthor:%22Cristina+Bornhofen%22&amp;source=gbs_metadata_r&amp;cad=3\">Cristina Bornhofen, Skye McDonald.<\/a><br \/>\nSe trata de un programa de tratamiento para el abordaje de los d\u00e9ficits en percepci\u00f3n de emociones. Originalmente dise\u00f1ado para personas con da\u00f1o cerebral adquirido, el programa ha demostrado eficacia cient\u00edfica tambi\u00e9n para otras poblaciones dentro de los trastornos del desarrollo (por ej., Asperger), trastornos psiqui\u00e1tricos (por ej., esquizofrenia) y otras formas de lesiones cerebrales.<\/p>\n<p><strong>Cogtrain<\/strong><\/p>\n<p>El programa ECC trata de abordar y rehabilitar los d\u00e9ficits cognitivos, ayudando a la persona a afrontar de otra manera las limitaciones provocadas por los mismos.<\/p>\n<p><a href=\"https:\/\/neurolab.deusto.es\/cogtrain\/\">Programa<\/a><\/p>\n<p>&nbsp;<\/p>\n<h4>Instrumentos de evaluaci\u00f3n<\/h4>\n<p><strong>Bateria Breve Normacog (BBN)<\/strong><\/p>\n<p>Es una bateria de evaluaci\u00f3n neuropsicol\u00f3gica para adultos que se enmarca dentro del proyecto multic\u00e9ntrico Normacog de normalizaci\u00f3n y estandarizaci\u00f3n de instrumentos neuropsicol\u00f3gicos en personas sanas.<\/p>\n<p><a href=\"https:\/\/neurolab.deusto.es\/bateria-breve-normacog-bbn\/\">M\u00e1s informaci\u00f3n aqu\u00ed<\/a><\/p>\n<p><strong>Test UD interferencia<\/strong><\/p>\n<p>El Test UD Interferencia es un instrumento neuropsicol\u00f3gico de nueva creaci\u00f3n incluido en el estudio de multic\u00e9ntrico de Normalizaci\u00f3n y Estandarizaci\u00f3n de Instrumentos Neuropsicol\u00f3gicos en Personas Sansas (Normacog).<\/p>\n<p><a href=\"https:\/\/neurolab.deusto.es\/test-ud-interferencia\/\">M\u00e1s informaci\u00f3n aqu\u00ed<\/a><\/p>\n<\/div>\n\t\t<\/div><\/div><\/div><\/div>","protected":false},"excerpt":{"rendered":"<p>Adquirir el REHACOP (2\u00aa edici\u00f3n) Manual terapeuta: 145,60 euros IVA incluido Manual paciente: 62,40 euros IVA incluido &nbsp; CONTACTO Natalia Ojeda Tel.: 944 139 000 nojeda@deusto.es Nota:\u00a0Una vez adquirido el\u00a0manual del terapeuta,\u00a0este podr\u00e1 ser utilizado por el terapeuta tantas veces como considere necesario. Sin embargo, recomendamos adquirir un\u00a0manual del paciente\u00a0para cada paciente ya que este [&hellip;]<\/p>\n","protected":false},"author":1001,"featured_media":0,"parent":3557,"menu_order":0,"comment_status":"closed","ping_status":"closed","template":"","meta":{"_acf_changed":false,"footnotes":""},"class_list":["post-3554","page","type-page","status-publish","hentry"],"acf":[],"_links":{"self":[{"href":"https:\/\/neurolab.deusto.es\/en\/wp-json\/wp\/v2\/pages\/3554","targetHints":{"allow":["GET"]}}],"collection":[{"href":"https:\/\/neurolab.deusto.es\/en\/wp-json\/wp\/v2\/pages"}],"about":[{"href":"https:\/\/neurolab.deusto.es\/en\/wp-json\/wp\/v2\/types\/page"}],"author":[{"embeddable":true,"href":"https:\/\/neurolab.deusto.es\/en\/wp-json\/wp\/v2\/users\/1001"}],"replies":[{"embeddable":true,"href":"https:\/\/neurolab.deusto.es\/en\/wp-json\/wp\/v2\/comments?post=3554"}],"version-history":[{"count":0,"href":"https:\/\/neurolab.deusto.es\/en\/wp-json\/wp\/v2\/pages\/3554\/revisions"}],"up":[{"embeddable":true,"href":"https:\/\/neurolab.deusto.es\/en\/wp-json\/wp\/v2\/pages\/3557"}],"wp:attachment":[{"href":"https:\/\/neurolab.deusto.es\/en\/wp-json\/wp\/v2\/media?parent=3554"}],"curies":[{"name":"wp","href":"https:\/\/api.w.org\/{rel}","templated":true}]}}