{"id":3553,"date":"2022-03-25T09:40:42","date_gmt":"2022-03-25T08:40:42","guid":{"rendered":"https:\/\/devneurolab.deusto.es\/proyectos-2\/"},"modified":"2022-03-25T09:40:42","modified_gmt":"2022-03-25T08:40:42","slug":"proyectos-2","status":"publish","type":"page","link":"https:\/\/neurolab.deusto.es\/en\/rehacop\/proyectos-2\/","title":{"rendered":"Proyectos"},"content":{"rendered":"<div id=\"pl-3553\"  class=\"panel-layout\" ><div id=\"pg-3553-0\"  class=\"panel-grid panel-no-style\" ><div id=\"pgc-3553-0-0\"  class=\"panel-grid-cell\" ><div id=\"panel-3553-0-0-0\" class=\"so-panel widget widget_nav_menu panel-first-child panel-last-child\" data-index=\"0\" ><\/div><\/div><div id=\"pgc-3553-0-1\"  class=\"panel-grid-cell\" ><div id=\"panel-3553-0-1-0\" class=\"so-panel widget widget_media_image panel-first-child panel-last-child\" data-index=\"1\" ><img loading=\"lazy\" decoding=\"async\" class=\"image \" src=\"https:\/\/neurolab.deusto.es\/neurolab-pruebas\/wp-content\/uploads\/2022\/03\/rehacop.jpg\" alt=\"\" width=\"1680\" height=\"525\" \/><\/div><\/div><\/div><div id=\"pg-3553-1\"  class=\"panel-grid panel-no-style\" ><div id=\"pgc-3553-1-0\"  class=\"panel-grid-cell\" ><div id=\"panel-3553-1-0-0\" class=\"so-panel widget widget_text panel-first-child panel-last-child\" data-index=\"2\" >\t\t\t<div class=\"textwidget\"><p><strong>1) Proyecto:<\/strong>\u00a0<strong>\u00abMarcadores de neuroimagen cerebral asociados a la rehabilitaci\u00f3n cognitiva y al ejercicio f\u00edsico en la esquizofrenia\u00bb \/ Fuente de financiaci\u00f3n:<\/strong>\u00a0Proyectos de Investigaci\u00f3n en Salud. Ministerio de Econom\u00eda y competitividad \/ Referencia: PI16\/01022<\/p>\n<p>Se trata de un estudio longitudinal que tiene como objetivo analizar en personas con\u00a0<strong>esquizofrenia\u00a0<\/strong>la eficacia de dos tipos de intervenciones: la\u00a0<strong>rehabilitaci\u00f3n cognitiva\u00a0<\/strong>con el Programa\u00a0<strong>Rehacop\u00a0<\/strong>y una intervenci\u00f3n de ejercicio f\u00edsico. Este estudio analizar\u00e1 los cambios a nivel\u00a0<strong>cl\u00ednico, cognitivo, funcional, f\u00edsico<\/strong>\u00a0y\u00a0<strong>cerebral\u00a0<\/strong>tanto estructurales como funcionales, comparando los dos grupos experimentales (rehabilitaci\u00f3n cognitiva y ejercicio f\u00edsico) con un grupo control activo que recibir\u00e1 el tratamiento habitual. Un segundo objetivo consiste en la detecci\u00f3n de\u00a0<strong>biomarcadores\u00a0<\/strong>de neuroimagen cerebral que se asocien a una mejora tras las dos intervenciones.<\/p>\n<p>En relaci\u00f3n con este proyecto, se ha publicado un estudio que analiza el papel de las funciones ejecutivas y de la teor\u00eda de la mente en el desempe\u00f1o de la creatividad en las personas con esquizofrenia (Sampedro, A., Pe\u00f1a, J., Ibarretxe-bilbao, N., S\u00e1nchez, P., Iriarte-yoller, N., Ledesma-gonz\u00e1lez, S., Tous-Espelosin, M., Ojeda, N. (2019). Mediating role of cognition and social cognition on creativity among patients with schizophrenia and healthy controls\u202f: Revisiting the Shared Vulnerability Model. Psychiatry and Clinical Neurosciences, 1\u20137).<\/p>\n<p>&nbsp;<\/p>\n<p><strong>2) Proyecto:<\/strong>\u00a0<strong>\u00abTratamiento combinado de rehabilitaci\u00f3n cognitiva en pacientes con enfermedad de parkinson y psicoeducaci\u00f3n en sus familiares cuidadores: eficacia a corto y largo plazo\u00bb<\/strong>\u00a0\/\u00a0<strong>Fuente de financiaci\u00f3n:\u00a0<\/strong>BBK obra social<\/p>\n<p>La finalidad de este proyecto pasa por estudiar la eficacia del programa\u00a0<strong>Rehacop\u00a0<\/strong>a la hora de mejorar la cognici\u00f3n y la calidad de vida de las personas con enfermedad de\u00a0<strong>Parkinson\u00a0<\/strong>y sus<strong>\u00a0familiares cuidadores<\/strong>. Se trata de un ensayo controlado aleatorizado en el que se aplica un programa de rehabilitaci\u00f3n cognitiva con el programa Rehacop en pacientes con enfermedad de Parkinson y paralelamente un\u00a0<strong>programa de psicoeducaci\u00f3n<\/strong>\u00a0en sus familiares cuidadores con 3 momentos de evaluaci\u00f3n (basal, post-tratamiento y seguimiento longitudinal) para evaluar la eficacia de la intervenci\u00f3n. Asimismo, se ha evaluado el rendimiento cognitivo, funcional y estado an\u00edmico de los participantes al inicio del estudio, al terminar la intervenci\u00f3n.<\/p>\n<p>&nbsp;<\/p>\n<p><strong>3) Proyecto:<\/strong>\u00a0<strong>\u201cCambios cerebrales estructurales y funcionales asociados a la rehabilitaci\u00f3n cognitiva en enfermedades neurodegenerativas (Parkinson)\u201d<\/strong>\u00a0\/\u00a0<strong>Fuente de financiaci\u00f3n:<\/strong>\u00a0Ministerio de Econom\u00eda y competitividad \/<strong>\u00a0Referencia<\/strong>: PSI2012-32441<\/p>\n<p>Este proyecto evalua la eficacia de un programa integral de rehabilitaci\u00f3n cognitiva (<strong>Rehacop<\/strong>) para mejorar la\u00a0<strong>cognici\u00f3n, los s\u00edntomas cl\u00ednicos y la discapacidad\u00a0<\/strong>funcional de los pacientes con\u00a0<strong>Enfermedad de Parkinson<\/strong>. Se evaluan los\u00a0<strong>cambios cerebrales\u00a0<\/strong>asociados y se lleva a cabo un<strong>\u00a0seguimiento longitudinal\u00a0<\/strong>a 18 meses. Cuarenta y cuatro pacientes con Enfermedad de Parkinson fueron evaluados mediante una bater\u00eda neuropsicol\u00f3gica y una resonancia magn\u00e9tica estructural y funcional, en el pre-tratamiento, post-tratamiento y a largo plazo.<\/p>\n<p>Los resultados muestran que el grupo Rehacop\u00a0<strong>mejora\u00a0<\/strong>significativamente en diversas funciones cognitivas, disminuye la discapacidad funcional y aumenta la conectividad y actividad cerebral. El seguimiento longitudinal muestra que la mejora cognitiva, la reducci\u00f3n de la discapacidad funcional y los cambios cerebrales a nivel funcional se\u00a0<strong>mantienen tras 18 meses<\/strong>, siendo este es el primer estudio que demuestra que, a pesar de ser una enfermedad neurodegenerativa, los cambios se mantienen despu\u00e9s de 18 meses. Estos resultados han sido recogidos en diferentes aportaciones cient\u00edficas fruto del proyecto. Entre ellos, numerosos art\u00edculos cient\u00edficos publicados en revistas de impacto internacionales (ver referencias) y dos tesis doctorales: \u201c<strong>Cerebral correlates of mild cognitive impairment and brain changes related to cognitive rehabilitation in Parkinson\u2019s disease<\/strong>\u201d (Dra. Mar\u00eda D\u00edez-Cirarda, menci\u00f3n internacional) y \u00ab<strong>Structural and functional brain changes of cognitive and other non-motor dysfunctions in idiopathic and genetic Parkinson\u2019s disease<\/strong>\u201d (Dra. Olaia Lucas-Jim\u00e9nez, menci\u00f3n internacional y de transferencia).<\/p>\n<p>Adem\u00e1s, se han realizado presentaciones en congresos nacionales e internacionales siendo destacados como uno de los dos trabajos m\u00e1s importantes del congreso PanAmericano de Movement Disorders, comunicaci\u00f3n oral estelar y premio al mejor poster.<\/p>\n<p>Referencias:<\/p>\n<ol>\n<li>Pe\u00f1a, J., Ibarretxe-Bilbao, N., Garc\u00eda-Gorostiaga, I., Gomez-Beldarrain, M. A., D\u00edez-Cirarda, M., &amp; Ojeda, N. (2014). Improving functional disability and cognition in Parkinson disease: randomized controlled trial. Neurology, 83(23), 2167-2174.<\/li>\n<li>D\u00edez-Cirarda, M., Ojeda, N., Pe\u00f1a, J., Cabrera-Zubizarreta, A., Lucas-Jim\u00e9nez, O., G\u00f3mez-Esteban, J. C., \u2026 &amp; Ibarretxe-Bilbao, N. (2017). Increased brain connectivity and activation after cognitive rehabilitation in Parkinson\u2019s disease: a randomized controlled trial. Brain imaging and behavior, 11(6), 1640-1651.<\/li>\n<li>D\u00edez\u2010Cirarda, M., Ojeda, N., Pe\u00f1a, J., Cabrera\u2010Zubizarreta, A., Lucas\u2010Jim\u00e9nez, O., G\u00f3mez\u2010Esteban, J. C., \u2026 &amp; Ibarretxe\u2010Bilbao, N. (2018). Long\u2010term effects of cognitive rehabilitation on brain, functional outcome and cognition in Parkinson\u2019s disease. European journal of neurology, 25(1), 5-12.<\/li>\n<li>Chiaravalloti, N. D., Ibarretxe\u2010Bilbao, N., DeLuca, J., Rusu, O., Pena, J., Garc\u00eda\u2010Gorostiaga, I., &amp; Ojeda, N. (2014). The source of the memory impairment in Parkinson\u2019s disease: acquisition versus retrieval. Movement Disorders, 29(6), 765-771.<\/li>\n<li>Diez-Cirarda, M., Ojeda, N., Pena, J., Cabrera-Zubizarreta, A., G\u00f3mez-Beldarrain, M. \u00c1., G\u00f3mez-Esteban, J. C., &amp; Ibarretxe-Bilbao, N. (2015). Neuroanatomical correlates of theory of mind deficit in Parkinson\u2019s disease: a multimodal imaging study. PloS one, 10(11).<\/li>\n<li>Lucas-Jim\u00e9nez, O., Ojeda, N., Pe\u00f1a, J., D\u00edez-Cirarda, M., Cabrera-Zubizarreta, A., G\u00f3mez-Esteban, J. C., \u2026 &amp; Ibarretxe-Bilbao, N. (2016). Altered functional connectivity in the default mode network is associated with cognitive impairment and brain anatomical changes in Parkinson\u2019s disease. Parkinsonism &amp; related disorders, 33, 58-64.<\/li>\n<li>Lucas\u2010Jim\u00e9nez, O., Ojeda, N., Pe\u00f1a, J., Cabrera\u2010Zubizarreta, A., D\u00edez\u2010Cirarda, M., G\u00f3mez\u2010Esteban, J. C., \u2026 &amp; Ibarretxe\u2010Bilbao, N. (2018). Apathy and brain alterations in Parkinson\u2019s disease: a multimodal imaging study. Annals of clinical and translational neurology, 5(7), 803-814.<\/li>\n<li>Lucas-Jim\u00e9nez, O., D\u00edez-Cirarda, M., Ojeda, N., Pe\u00f1a, J., Cabrera-Zubizarreta, A., &amp; Ibarretxe-Bilbao, N. (2015). Verbal memory in parkinson\u2019s disease: a combined DTI and fMRI study. Journal of Parkinson\u2019s disease, 5(4), 793-804.<\/li>\n<\/ol>\n<p>&nbsp;<\/p>\n<p><strong>4) Proyecto:<\/strong>\u00a0<strong>\u201cCambios cerebrales estructurales y funcionales asociados a la rehabilitaci\u00f3n cognitiva en enfermedades neurodegenerativas (Esclerosis m\u00faltiple)\u201d<\/strong>\u00a0\/\u00a0<strong>Fuente de financiaci\u00f3n:\u00a0<\/strong>Ministerio de Econom\u00eda y competitividad \/<strong>\u00a0Referencia:<\/strong>\u00a0PSI2012-32441<\/p>\n<p>Este proyecto tiene como objetivo el estudio de la eficacia del programa\u00a0<strong>Rehacop\u00a0<\/strong>en una muestra de pacientes con\u00a0<strong>Esclerosis M\u00faltiple<\/strong>\u00a0a la hora de generar cambios<strong>\u00a0cognitivos, funcionales y cerebrales<\/strong>\u00a0a nivel tanto estructural como funcional. Los pacientes son evaluados mediante una bater\u00eda neuropsicol\u00f3gica y una resonancia magn\u00e9tica estructural y funcional, en el pre-tratamiento, post-tratamiento y reciben una intervenci\u00f3n por medio del programa Rehacop de una duraci\u00f3n de tres meses, tras los cuales se investigan los cambios producidos por dicha intervenci\u00f3n.<\/p>\n<p>Fruto de este proyecto, encontramos una publicaci\u00f3n en revista internacional presentando los resultados principales en relaci\u00f3n con los cambios cognitivos observados en los pacientes con Esclerosis M\u00faltiple tras la intervenci\u00f3n con Rehacop, que muestran mejoras en diferentes funciones\u00a0<strong>cognitivas\u00a0<\/strong>frente al grupo que no recibe la intervenci\u00f3n (Rilo, O., Pe\u00f1a, J., Ojeda, N., Rodr\u00edguez-Antig\u00fcedad, A., Mendibe-Bilbao, M., G\u00f3mez-Gastiasoro, A., \u2026 &amp; Ibarretxe-Bilbao, N. (2018). Integrative group-based cognitive rehabilitation efficacy in multiple sclerosis: a randomized clinical trial. Disability and Rehabilitation, 40(2), 208-216). En el contexto de este mismo proyecto fue desarrollada y defendida la tesis titulada \u00ab<strong>Effects of an integrative groupbased cognitive rehabilitation on cognition and brain connectivity in multiple sclerosis<\/strong>\u00bb (Dra. Oiane Rilo), que presenta los cambios cognitivos, funcionales y cerebrales tras la implementaci\u00f3n del programa Rehacop en estos pacientes.<\/p>\n<p><strong>5) Proyecto:<\/strong>\u00a0<strong>\u201cEvaluaci\u00f3n de la eficacia de la rehabilitaci\u00f3n cognitiva en primeros episodios psic\u00f3ticos y esquizofrenia con el programa rehacop\u201d\u00a0<\/strong>\/<strong>\u00a0Fuente de financiaci\u00f3n:\u00a0<\/strong>EITB\u2013Maratoia \/ Referencia: BIO09\/EM\/023 y\u00a0<strong>Proyecto: \u201cRehabilitaci\u00f3n Neuropsicol\u00f3gica de pacientes con primer episodio psic\u00f3tico\u201d\u00a0<\/strong>\/\u00a0<strong>Fuente de financiaci\u00f3n<\/strong>: Ministerio de Sanidad y Consumo y el Instituto Carlos III \/\u00a0<strong>Referencia:<\/strong>\u00a0PIO70245<\/p>\n<p>Este estudio investiga la eficacia del programa\u00a0<strong>Rehacop\u00a0<\/strong>en pacientes con\u00a0<strong>esquizofrenia y primeros episodios psic\u00f3ticos\u00a0<\/strong>a la hora de generar mejoras\u00a0<strong>cognitivas, clinicas y funcionales<\/strong>. Todos los pacientes participan en una evaluaci\u00f3n neuropsicol\u00f3gica, cl\u00ednica y funcional antes y despu\u00e9s de la intervenci\u00f3n. La intervenci\u00f3n tiene una duraci\u00f3n de tres meses en los cuales el grupo experimental recibe sesiones de rehabilitaci\u00f3n cognitiva mediante el programa Rehacop. El grupo que recibe la intervenci\u00f3n con el programa Rehacop presenta\u00a0<strong>mejor\u00edas\u00a0<\/strong>a nivel cognitivo global as\u00ed como a nivel funcional y, en menor medida, a nivel cl\u00ednico.<\/p>\n<p>Fruto de este proyecto, se han generado diferentes publicaciones cient\u00edficas de impacto presentando los resultados cognitivos, funcionales y cl\u00ednicos (ver referencias). Adem\u00e1s, tres tesis doctorales se han llevado a cabo con los hallazgos obtenidos en este proyecto: \u201c<strong>Evaluaci\u00f3n multidimensional de la cognici\u00f3n social en psicosis: un estudio longitudinal<\/strong>\u201d (Dra. Clara Gonz\u00e1lez), \u201c<strong>Rehabilitaci\u00f3n neuropsicol\u00f3gica de primeros episodios psic\u00f3ticos y esquizofrenia con el programa REHACOP<\/strong>\u201d (Dra. Eneritz Bengoetxea), \u201c<strong>Insight in First Episode Psychosis: Role of Time and Cognitive Reserve<\/strong>\u201d (Dra. Acebo Garc\u00eda).<\/p>\n<p>Referencias:<\/p>\n<ol>\n<li>Ojeda N., Pe\u00f1a J., S\u00e1nchez P., Bengoetxea E (2010). La Rehabilitaci\u00f3n Neuropsicol\u00f3gica en Psicosis II: El programa Rehacop. En Ezcurra J, Guti\u00e9rrez M y Gonz\u00e1lez-Pinto A, Esquizofrenia: Sociogen\u00e9sis, psicogen\u00e9sis y condicionamiento biol\u00f3gico. Capt 32, pg 471-495. Ed Aula M\u00e9dica. ISBN 13:978-84-7885-509-4.<\/li>\n<li>Bengoetxea,E., Ojeda N., Segarra R., S\u00e1nchez P.M., Garc\u00eda J., Pe\u00f1a J., Garc\u00eda A., Egu\u00edluz J.I y Elizag\u00e1rate, E. (2011). Evidencias de eficacia de la rehabilitaci\u00f3n cognitiva en psicosis y esquizofrenia con el programa REHACOP. En Quevedo-Blasco R y Quevedo Blasco VJ, Situaci\u00f3n actual de la psicolog\u00eda cl\u00ednica. (pp. 192-194). Ed Asociaci\u00f3n Espa\u00f1ola de Psicolog\u00eda Conductual. ISBN: 978-84-694-3972-2.<\/li>\n<li>Ojeda N., Pe\u00f1a J., Bengoetxea E, Garc\u00eda A., S\u00e1nchez P., Segarra R. C, Ezcurra J., Guti\u00e9rrez Fraile M., Egu\u00edluz J.I. C. (2012). REHACOP: Programa de Rehabilitaci\u00f3n Cognitiva en Psicosis. Revista de Neurolog\u00eda, 54 (6): 337-342.<\/li>\n<li>Ojeda N., Pe\u00f1a J., Segarra R., Sanchez P., Bengoetxea E., Eguiluz JI., Gutierrez M. (2012). Efficiency of cognitive rehabilitation in chronic treatment resistant Hispanic patients with schizophrenia with the Rehacop. Neurorehabilitation, vol 30, 65-74.<\/li>\n<li>Ojeda N., Pe\u00f1a J., Bengoetxea E., Garc\u00eda A, S\u00e1nchez P, Segarra R, Ezcurra J. Guti\u00e9rrez Fraile M, Egu\u00edluz JI. (2012). Evidencias de eficacia de la Rehabilitaci\u00f3n Cognitiva en Psicosis y esquizofrenia con el programa Rehacop. Revista de Neurolog\u00eda, 54(10): 577-86.<\/li>\n<li>S\u00e1nchez, P., Pe\u00f1a, J., Bengoetxea, E., Ojeda, N., Elizag\u00e1rate, E., Ezcurra, J., Guti\u00e9rrez, M. (2013). Improvement in negative symptoms and functional outcome after new generation cognitive remediation program (REHACOP): A randomized controlled trial. Schizophrenia Bulletin. May 18. [Epub ahead of print].<\/li>\n<li>Pe\u00f1a, J., Ibarretxe-Bilbao, N., S\u00e1nchez, P., Iriarte, M. B., Elizagarate, E., Garay, M. A., \u2026 &amp; Ojeda, N. (2016). Combining social cognitive treatment, cognitive remediation, and functional skills training in schizophrenia: a randomized controlled trial. NPJ schizophrenia, 2, 16037.<\/li>\n<li>Pe\u00f1a, J., Ibarretxe-Bilbao, N., S\u00e1nchez, P., Uriarte, J. J., Elizagarate, E., Gutierrez, M., &amp; Ojeda, N. (2018). Mechanisms of functional improvement through cognitive rehabilitation in schizophrenia. Journal of psychiatric research, 101, 21-27.<\/li>\n<\/ol>\n<\/div>\n\t\t<\/div><\/div><\/div><\/div>","protected":false},"excerpt":{"rendered":"<p>1) Proyecto:\u00a0\u00abMarcadores de neuroimagen cerebral asociados a la rehabilitaci\u00f3n cognitiva y al ejercicio f\u00edsico en la esquizofrenia\u00bb \/ Fuente de financiaci\u00f3n:\u00a0Proyectos de Investigaci\u00f3n en Salud. Ministerio de Econom\u00eda y competitividad \/ Referencia: PI16\/01022 Se trata de un estudio longitudinal que tiene como objetivo analizar en personas con\u00a0esquizofrenia\u00a0la eficacia de dos tipos de intervenciones: la\u00a0rehabilitaci\u00f3n cognitiva\u00a0con [&hellip;]<\/p>\n","protected":false},"author":1001,"featured_media":0,"parent":3557,"menu_order":0,"comment_status":"closed","ping_status":"closed","template":"","meta":{"_acf_changed":false,"footnotes":""},"class_list":["post-3553","page","type-page","status-publish","hentry"],"acf":[],"_links":{"self":[{"href":"https:\/\/neurolab.deusto.es\/en\/wp-json\/wp\/v2\/pages\/3553","targetHints":{"allow":["GET"]}}],"collection":[{"href":"https:\/\/neurolab.deusto.es\/en\/wp-json\/wp\/v2\/pages"}],"about":[{"href":"https:\/\/neurolab.deusto.es\/en\/wp-json\/wp\/v2\/types\/page"}],"author":[{"embeddable":true,"href":"https:\/\/neurolab.deusto.es\/en\/wp-json\/wp\/v2\/users\/1001"}],"replies":[{"embeddable":true,"href":"https:\/\/neurolab.deusto.es\/en\/wp-json\/wp\/v2\/comments?post=3553"}],"version-history":[{"count":0,"href":"https:\/\/neurolab.deusto.es\/en\/wp-json\/wp\/v2\/pages\/3553\/revisions"}],"up":[{"embeddable":true,"href":"https:\/\/neurolab.deusto.es\/en\/wp-json\/wp\/v2\/pages\/3557"}],"wp:attachment":[{"href":"https:\/\/neurolab.deusto.es\/en\/wp-json\/wp\/v2\/media?parent=3553"}],"curies":[{"name":"wp","href":"https:\/\/api.w.org\/{rel}","templated":true}]}}