{"id":3551,"date":"2022-03-25T09:54:21","date_gmt":"2022-03-25T08:54:21","guid":{"rendered":"https:\/\/devneurolab.deusto.es\/cogtrain\/evidencias-de-eficacia-del-programa\/"},"modified":"2022-03-25T09:54:21","modified_gmt":"2022-03-25T08:54:21","slug":"evidencias-de-eficacia-del-programa","status":"publish","type":"page","link":"https:\/\/neurolab.deusto.es\/en\/cogtrain\/evidencias-de-eficacia-del-programa\/","title":{"rendered":"Evidencias de eficacia del programa"},"content":{"rendered":"<div id=\"pl-3551\"  class=\"panel-layout\" ><div id=\"pg-3551-0\"  class=\"panel-grid panel-no-style\" ><div id=\"pgc-3551-0-0\"  class=\"panel-grid-cell\" ><div id=\"panel-3551-0-0-0\" class=\"so-panel widget widget_nav_menu panel-first-child panel-last-child\" data-index=\"0\" ><\/div><\/div><div id=\"pgc-3551-0-1\"  class=\"panel-grid-cell\" ><div id=\"panel-3551-0-1-0\" class=\"so-panel widget widget_media_image panel-first-child panel-last-child\" data-index=\"1\" ><img loading=\"lazy\" decoding=\"async\" class=\"image \" src=\"https:\/\/neurolab.deusto.es\/neurolab-pruebas\/wp-content\/uploads\/2022\/03\/cogtrain.jpg\" alt=\"\" width=\"1680\" height=\"525\" \/><\/div><\/div><\/div><div id=\"pg-3551-1\"  class=\"panel-grid panel-no-style\" ><div id=\"pgc-3551-1-0\"  class=\"panel-grid-cell\" ><div id=\"panel-3551-1-0-0\" class=\"so-panel widget widget_text panel-first-child panel-last-child\" data-index=\"2\" >\t\t\t<div class=\"textwidget\"><p>La eficacia de este programa ha sido analizada mediante\u00a0<strong>dos ensayos cl\u00ednicos\u00a0<\/strong>aleatorizados y controlados, realizados por la\u00a0<strong><a href=\"http:\/\/psychiatry.ucsd.edu\/faculty\/etwamley.html\">Dra. Twamley\u00a0<\/a><\/strong>y su equipo en la\u00a0<strong><a href=\"https:\/\/ucsd.edu\/\">Universidad de California San Diego (UCSD)<\/a><\/strong>\u00a0(2008 y 2012).\u00a0<strong>Ciento veinte pacientes\u00a0<\/strong>con diagn\u00f3stico de esquizofrenia fueron reclutados en el Hospital Universitario Hillcrest (San Diego, EEUU) y asignados de manera aleatoria al grupo control o grupo experimental. Mientras que el grupo control recib\u00eda \u00fanicamente el tratamiento farmacol\u00f3gico habitual, el grupo experimental combinaba dicho tratamiento con el programa de Entrenamiento Cognitivo Compensatorio (ECC) durante 3 meses (mediante 12 sesiones de dos horas de duraci\u00f3n). La valoraci\u00f3n de la sintomatolog\u00eda cl\u00ednica, los d\u00e9ficits cognitivos y el nivel funcional de los participantes se realiz\u00f3 pre y post tratamiento, as\u00ed como 6 meses despu\u00e9s de la finalizaci\u00f3n del tratamiento.<\/p>\n<p>Los\u00a0<strong>resultados\u00a0<\/strong>indicaron una\u00a0<strong>mejor\u00eda\u00a0<\/strong>significativamente mayor del grupo experimental en capacidades cognitivas como la atenci\u00f3n, el aprendizaje, memoria y funciones ejecutivas. En suma, los pacientes del\u00a0<strong>grupo ECC\u00a0<\/strong>obtuvieron\u00a0<strong>mejor\u00edas significativas\u00a0<\/strong>incluso en capacidades cognitivas no entrenadas directamente como la velocidad de procesamiento. Por otro lado, en comparaci\u00f3n al grupo control, el grupo experimental present\u00f3, de manera significativa, una mayor mejor\u00eda en s\u00edntomas cl\u00ednicos, funcionalidad general y calidad de vida subjetiva. La mayor\u00eda de estos beneficios se manten\u00edan a largo plazo, excepto en el caso de la sintomatolog\u00eda negativa.<\/p>\n<p>Bas\u00e1ndose en los resultados de estos estudios los autores concluyeron que a pesar de ser una intervenci\u00f3n corta y con escasos recursos tecnol\u00f3gicos, el programa ECC tiene el potencial de\u00a0<strong>mejorar\u00a0<\/strong>no solo los d\u00e9ficits cognitivos, sino tambi\u00e9n las\u00a0<strong>habilidades funcionales, s\u00edntomas negativos\u00a0<\/strong>y\u00a0<strong>calidad de vida subjetiva\u00a0<\/strong>de las personas con diagn\u00f3stico de psicosis y esquizofrenia.<\/p>\n<p>Durante los \u00faltimos a\u00f1os la\u00a0<strong><a href=\"http:\/\/psychiatry.ucsd.edu\/faculty\/etwamley.html\">Dra. Twamley\u00a0<\/a><\/strong>y cols. han tratado de estudiar\u00a0<strong>formas de tratamientos combinadas<\/strong>\u00a0que potencien los beneficios obtenidos mediante el tratamiento. En la actualidad el equipo de la\u00a0<a href=\"http:\/\/psychiatry.ucsd.edu\/faculty\/etwamley.html\">Dra. Twamley\u00a0<\/a>eval\u00faa la eficacia de intervenciones que combinan el programa ECC, con la terapia cognitivo conductual, programas de empleo protegido o la prescripci\u00f3n de f\u00e1rmacos con evidencias de potenciar el desempe\u00f1o cognitivo (para un revisi\u00f3n m\u00e1s profunda del tema consulten: Twamley, 2011; Ayers, C.R. y cols., 2013; y Acheson, D.T., 2013).<\/p>\n<p>&nbsp;<\/p>\n<p><strong>Bibliograf\u00eda<\/strong><\/p>\n<p><a href=\"http:\/\/www.ncbi.nlm.nih.gov\/pubmed\/23785309\">Acheson, D.T., Twamley, E.W., y Young, J.W. (2013). Reward learning as a potential target for pharmacological augmentation of cognitive remediation for schizophrenia: a roadmap for preclinical development. Front Neurosci. Jun 18;7:103. doi: 10.3389\/fnins.2013.00103.<\/a><\/p>\n<p><a href=\"http:\/\/www.ncbi.nlm.nih.gov\/pubmed\/23831173\">Ayer, C.R., Saxena, S., Espejo, E. Twamley, E.W., Granholm, E., Wetherell, J.L. (2014) Novel treatment for geriatric hoarding disorder: an open trial of cognitive rehabilitation paired with behavior therapy. American Journal of Geriatric Psychiatry. Mar;22(3):248-52. doi: 10.1016\/j.jagp.2013.02.010.<\/a><\/p>\n<p><a href=\"http:\/\/www.ncbi.nlm.nih.gov\/pmc\/articles\/PMC3753809\/\">Burton, C.Z., Vella, L., y Twamley, E.W. (2011). ). Clinical and Cognitive Insight in a Compensatory Cognitive Training Intervention. American Journal of Psychiatrical Rehabilitation. Oct 1;14(4):307-326.<\/a><\/p>\n<p><a href=\"http:\/\/www.ncbi.nlm.nih.gov\/pmc\/articles\/PMC2636722\/\">Twamley, E.W., Savla, G.N., Zurhellen, C.H., Heaton, R.K., y Jeste, D.V. (2008) Development and Pilot Testing of a Novel Compensatory Cognitive Training Intervention for People with Psychosis. American Journal of Psychiatrical Rehabilitation Apr;11(2):144-163.<\/a><\/p>\n<p><a href=\"http:\/\/www.ncbi.nlm.nih.gov\/pubmed\/22939029\">Twamley, E.W., Vella, L., Burton, C.Z., Heaton, R.K., Jeste, D.V. (2012). Compensatory cognitive training for psychosis effects in a randomized controlled trial. Journal of Clinical Psychiatry. Sep;73(9):1212-9. doi: 10.4088\/JCP.12m07686.<\/a><\/p>\n<\/div>\n\t\t<\/div><\/div><\/div><\/div>","protected":false},"excerpt":{"rendered":"<p>La eficacia de este programa ha sido analizada mediante\u00a0dos ensayos cl\u00ednicos\u00a0aleatorizados y controlados, realizados por la\u00a0Dra. Twamley\u00a0y su equipo en la\u00a0Universidad de California San Diego (UCSD)\u00a0(2008 y 2012).\u00a0Ciento veinte pacientes\u00a0con diagn\u00f3stico de esquizofrenia fueron reclutados en el Hospital Universitario Hillcrest (San Diego, EEUU) y asignados de manera aleatoria al grupo control o grupo experimental. Mientras [&hellip;]<\/p>\n","protected":false},"author":1001,"featured_media":0,"parent":3547,"menu_order":0,"comment_status":"closed","ping_status":"closed","template":"","meta":{"_acf_changed":false,"footnotes":""},"class_list":["post-3551","page","type-page","status-publish","hentry"],"acf":[],"_links":{"self":[{"href":"https:\/\/neurolab.deusto.es\/en\/wp-json\/wp\/v2\/pages\/3551","targetHints":{"allow":["GET"]}}],"collection":[{"href":"https:\/\/neurolab.deusto.es\/en\/wp-json\/wp\/v2\/pages"}],"about":[{"href":"https:\/\/neurolab.deusto.es\/en\/wp-json\/wp\/v2\/types\/page"}],"author":[{"embeddable":true,"href":"https:\/\/neurolab.deusto.es\/en\/wp-json\/wp\/v2\/users\/1001"}],"replies":[{"embeddable":true,"href":"https:\/\/neurolab.deusto.es\/en\/wp-json\/wp\/v2\/comments?post=3551"}],"version-history":[{"count":0,"href":"https:\/\/neurolab.deusto.es\/en\/wp-json\/wp\/v2\/pages\/3551\/revisions"}],"up":[{"embeddable":true,"href":"https:\/\/neurolab.deusto.es\/en\/wp-json\/wp\/v2\/pages\/3547"}],"wp:attachment":[{"href":"https:\/\/neurolab.deusto.es\/en\/wp-json\/wp\/v2\/media?parent=3551"}],"curies":[{"name":"wp","href":"https:\/\/api.w.org\/{rel}","templated":true}]}}