{"id":3548,"date":"2022-03-25T09:59:22","date_gmt":"2022-03-25T08:59:22","guid":{"rendered":"https:\/\/devneurolab.deusto.es\/cogtrain\/descargar-el-programa\/"},"modified":"2022-03-25T09:59:22","modified_gmt":"2022-03-25T08:59:22","slug":"descargar-el-programa","status":"publish","type":"page","link":"https:\/\/neurolab.deusto.es\/en\/cogtrain\/descargar-el-programa\/","title":{"rendered":"Descargar el programa"},"content":{"rendered":"<div id=\"pl-3548\"  class=\"panel-layout\" ><div id=\"pg-3548-0\"  class=\"panel-grid panel-no-style\" ><div id=\"pgc-3548-0-0\"  class=\"panel-grid-cell\" ><div id=\"panel-3548-0-0-0\" class=\"so-panel widget widget_nav_menu panel-first-child panel-last-child\" data-index=\"0\" ><\/div><\/div><div id=\"pgc-3548-0-1\"  class=\"panel-grid-cell\" ><div id=\"panel-3548-0-1-0\" class=\"so-panel widget widget_media_image panel-first-child panel-last-child\" data-index=\"1\" ><img loading=\"lazy\" decoding=\"async\" class=\"image \" src=\"https:\/\/neurolab.deusto.es\/neurolab-pruebas\/wp-content\/uploads\/2022\/03\/cogtrain.jpg\" alt=\"\" width=\"1680\" height=\"525\" \/><\/div><\/div><\/div><div id=\"pg-3548-1\"  class=\"panel-grid panel-no-style\" ><div id=\"pgc-3548-1-0\"  class=\"panel-grid-cell\" ><div id=\"panel-3548-1-0-0\" class=\"so-panel widget widget_text panel-first-child panel-last-child\" data-index=\"2\" >\t\t\t<div class=\"textwidget\"><p>Desde julio del a\u00f1o 2014 es posible acceder\u00a0<strong>gratuitamente on-line<\/strong>\u00a0a la versi\u00f3n en castellano del\u00a0<strong>Programa de Entrenamiento Cognitivo Compensatorio (EEC)\u00a0<\/strong>mediante esta p\u00e1gina web.<\/p>\n<p>Solo hay que clickar en el link que se muestra a continuaci\u00f3n y rellenar el\u00a0<strong>formulario\u00a0<\/strong>que aparecer\u00e1:<\/p>\n<p><a href=\"https:\/\/docs.google.com\/a\/deusto.es\/forms\/d\/e\/1FAIpQLSePH9mvHKSKVpuzmurUSLfNVV7arkm_jbpQPqsxSgsvz-IsPA\/viewform\">Twamley E.W., Bengoetxea E., Mondrag\u00f3n A., Ojeda N. (2014). Programa de Entrenamiento Cognitivo Compensatorio.<strong>\u00a0Manual del Terapeuta.<\/strong>\u00a0ISBN: 978-84-615-9734-5.<\/p>\n<p>Twamley E.W., Bengoetxea E., Mondrag\u00f3n A., Ojeda N. (2014). Programa de Entrenamiento Cognitivo Compensatorio.\u00a0<strong>Manual del Paciente.<\/strong>\u00a0ISBN: 978-84-615-7452-0.\u00a0<\/a><\/p>\n<p>Siempre que su uso tenga fines cl\u00ednicos, educativos, de investigaci\u00f3n y sin \u00e1nimo de lucro, se concede por la presente el permiso no escrito para utilizar, copiar y distribuir cualquier parte del Manual de Entrenamiento Cognitivo Compensatorio. Todo ello bajo la condici\u00f3n de hacer menci\u00f3n y citar la versi\u00f3n final del trabajo. Para ello, emplear las citas mencionadas.<\/p>\n<p>Este trabajo ha sido posible gracias a una beca del National Alliance for Research on Schizophrenia and Depression concedida a la\u00a0<strong>Dra Twamley\u00a0<\/strong>y al trabajo no remunerado del Equipo de Investigaci\u00f3n de la Universidad de Deusto dirigido por la\u00a0<strong>Dra Natalia Ojeda.<\/strong><\/p>\n<p>Quienes adem\u00e1s deseen incorporar este Manual de Entrenamiento Cognitivo Compensatorio en productos comerciales o utilizarlo con fines comerciales debe contactar con la Technology Transfer Office, Universidad de California, San Diego, 9500 Gilman Drive, C\u00f3digo 0910, La Jolla, CA 92093-0910, tfno:\u00a0(858) 534-5815, fax: (858) 534-7345.<br \/>\nEmail:\u00a0<a href=\"mailto:invent@ucsd.edu\">invent@ucsd.edu<\/a><\/p>\n<\/div>\n\t\t<\/div><\/div><\/div><\/div>","protected":false},"excerpt":{"rendered":"<p>Desde julio del a\u00f1o 2014 es posible acceder\u00a0gratuitamente on-line\u00a0a la versi\u00f3n en castellano del\u00a0Programa de Entrenamiento Cognitivo Compensatorio (EEC)\u00a0mediante esta p\u00e1gina web. Solo hay que clickar en el link que se muestra a continuaci\u00f3n y rellenar el\u00a0formulario\u00a0que aparecer\u00e1: Twamley E.W., Bengoetxea E., Mondrag\u00f3n A., Ojeda N. (2014). Programa de Entrenamiento Cognitivo Compensatorio.\u00a0Manual del Terapeuta.\u00a0ISBN: 978-84-615-9734-5. [&hellip;]<\/p>\n","protected":false},"author":1001,"featured_media":0,"parent":3547,"menu_order":0,"comment_status":"closed","ping_status":"closed","template":"","meta":{"_acf_changed":false,"footnotes":""},"class_list":["post-3548","page","type-page","status-publish","hentry"],"acf":[],"_links":{"self":[{"href":"https:\/\/neurolab.deusto.es\/en\/wp-json\/wp\/v2\/pages\/3548","targetHints":{"allow":["GET"]}}],"collection":[{"href":"https:\/\/neurolab.deusto.es\/en\/wp-json\/wp\/v2\/pages"}],"about":[{"href":"https:\/\/neurolab.deusto.es\/en\/wp-json\/wp\/v2\/types\/page"}],"author":[{"embeddable":true,"href":"https:\/\/neurolab.deusto.es\/en\/wp-json\/wp\/v2\/users\/1001"}],"replies":[{"embeddable":true,"href":"https:\/\/neurolab.deusto.es\/en\/wp-json\/wp\/v2\/comments?post=3548"}],"version-history":[{"count":0,"href":"https:\/\/neurolab.deusto.es\/en\/wp-json\/wp\/v2\/pages\/3548\/revisions"}],"up":[{"embeddable":true,"href":"https:\/\/neurolab.deusto.es\/en\/wp-json\/wp\/v2\/pages\/3547"}],"wp:attachment":[{"href":"https:\/\/neurolab.deusto.es\/en\/wp-json\/wp\/v2\/media?parent=3548"}],"curies":[{"name":"wp","href":"https:\/\/api.w.org\/{rel}","templated":true}]}}