{"id":3541,"date":"2021-05-11T18:25:02","date_gmt":"2021-05-11T16:25:02","guid":{"rendered":"https:\/\/devneurolab.deusto.es\/?page_id=3541"},"modified":"2023-04-15T12:37:26","modified_gmt":"2023-04-15T10:37:26","slug":"programas-de-rehabilitacion-nueva","status":"publish","type":"page","link":"https:\/\/neurolab.deusto.es\/en\/programas-de-rehabilitacion-nueva\/","title":{"rendered":"PROGRAMAS DE REHABILITACI\u00d3N (NUEVA)"},"content":{"rendered":"<div id=\"pl-3541\"  class=\"panel-layout\" ><div id=\"pg-3541-0\"  class=\"panel-grid panel-no-style\" ><div id=\"pgc-3541-0-0\"  class=\"panel-grid-cell\" ><div id=\"panel-3541-0-0-0\" class=\"so-panel widget widget_sow-image panel-first-child\" data-index=\"0\" ><div\n\t\t\t\n\t\t\tclass=\"so-widget-sow-image so-widget-sow-image-default-8b5b6f678277-3541\"\n\t\t\t\n\t\t><\/div><\/div><div id=\"panel-3541-0-0-1\" class=\"so-panel widget widget_sow-editor\" data-index=\"1\" ><div\n\t\t\t\n\t\t\tclass=\"so-widget-sow-editor so-widget-sow-editor-base\"\n\t\t\t\n\t\t>\n<div class=\"siteorigin-widget-tinymce textwidget\">\n\t<header class=\"entry-header\">\n<h4 style=\"text-align: center;\"><span style=\"color: #2d4679;\"><strong><span lang=\"ES-TRAD\">REHACOP:<\/span><\/strong><\/span><\/h4>\n<\/header>\n<div class=\"entry-content\">\n<h6 style=\"text-align: center;\"><span style=\"color: #2d4679;\">Programa integral de rehabilitaci\u00f3n cognitiva en Psicosis<\/span><\/h6>\n<p>El\u00a0<a href=\"https:\/\/neurolab.deusto.es\/rehacop\/\"><b><span style=\"color: #64a592;\">REHACOP<\/span><\/b>\u00a0<\/a>es un programa de rehabilitaci\u00f3n neuropsicol\u00f3gica integral dise\u00f1ado. Este programa est\u00e1 basado en los principios de restauraci\u00f3n, compensaci\u00f3n y optimizaci\u00f3n de las funciones cognitivas. Se puede administrar en formato individual y\/o grupal. Su eficacia se ha demostrado cient\u00edficamente en personas diagnosticadas con primer episodio psic\u00f3tico, esquizofrenia, esclerosis m\u00faltiple, enfermedad de Parkinson, y en poblaci\u00f3n sana para prevenci\u00f3n del envejecimiento cognitivo normal.\u00a0Se ha implementado con \u00e9xito en la pr\u00e1ctica cl\u00ednica en la red de salud mental de Bizkaia y Alava,\u00a0y diferentes hospitales e instituciones de Madrid, Islas Baleares, La Rioja, M\u00e1laga, Santander, Valencia, Murcia, Argentina, M\u00e9xico, New York, o Miami, entre otras.\u00a0Adem\u00e1s, varios equipos de investigadores est\u00e1n trabajando en la actualidad en su traducci\u00f3n y adaptaci\u00f3n a ingl\u00e9s\u00a0(Fundaci\u00f3n Kessler en USA), a portugu\u00e9s (Universidad de Coimbra), y a polaco (Universidad de Varsovia).<\/p>\n<\/div>\n<\/div>\n<\/div><\/div><div id=\"panel-3541-0-0-2\" class=\"so-panel widget widget_sow-button panel-last-child\" data-index=\"2\" ><div\n\t\t\t\n\t\t\tclass=\"so-widget-sow-button so-widget-sow-button-flat-fba17181357c-3541\"\n\t\t\t\n\t\t><div class=\"ow-button-base ow-button-align-center\"\n>\n\t\t\t<a\n\t\t\t\t\thref=\"https:\/\/neurolab.deusto.es\/rehacop\/\"\n\t\t\t\t\tclass=\"sowb-button ow-icon-placement-left ow-button-hover\" \t>\n\t\t<span>\n\t\t\t\n\t\t\tM\u00e1s informaci\u00f3n\t\t<\/span>\n\t\t\t<\/a>\n\t<\/div>\n<\/div><\/div><\/div><div id=\"pgc-3541-0-1\"  class=\"panel-grid-cell\" ><div id=\"panel-3541-0-1-0\" class=\"so-panel widget widget_sow-image panel-first-child\" data-index=\"3\" ><div\n\t\t\t\n\t\t\tclass=\"so-widget-sow-image so-widget-sow-image-default-8b5b6f678277-3541\"\n\t\t\t\n\t\t><\/div><\/div><div id=\"panel-3541-0-1-1\" class=\"so-panel widget widget_sow-editor\" data-index=\"4\" ><div\n\t\t\t\n\t\t\tclass=\"so-widget-sow-editor so-widget-sow-editor-base\"\n\t\t\t\n\t\t>\n<div class=\"siteorigin-widget-tinymce textwidget\">\n\t<header class=\"entry-header\">\n<h4 style=\"text-align: center;\"><span style=\"color: #2d4679;\"><strong><span lang=\"ES-TRAD\">REHACOG:<\/span><\/strong><\/span><\/h4>\n<\/header>\n<div class=\"entry-content\">\n<h6 style=\"text-align: center;\"><span style=\"color: #2d4679;\">Rehabilitaci\u00f3n Cognitiva en Personas Mayores<\/span><\/h6>\n<p>El\u00a0<span style=\"color: #64a592;\"><a style=\"color: #64a592;\" href=\"http:\/\/rehacog.deusto.es\/\" target=\"_blank\" rel=\"noopener\"><b>REHACOG<\/b><\/a><\/span>\u00a0es un\u00a0<b>programa de rehabilitaci\u00f3n neuropsicol\u00f3gica integral\u00a0<\/b>que act\u00faa tanto a nivel preventivo para frenar el posible deterioro cognitivo propio de la edad, como a nivel de tratamiento en personas que han sufrido alg\u00fan tipo de lesi\u00f3n o diagn\u00f3stico que conlleva una disminuci\u00f3n de su rendimiento cognitivo. El programa supone una herramienta de rehabilitaci\u00f3n integral que mejora la atenci\u00f3n, el aprendizaje y la memoria, el lenguaje, el c\u00e1lculo, las funciones ejecutivas y hasta un total de 11 habilidades, incluidas la funcionalidad y la calidad de vida. Sirve para la prevenci\u00f3n del deterioro cognitivo que puede evolucionar al desarrollo de una demencia. Se puede administrar en formato individual y\/o grupal. Consta de dos manuales (uno para paciente y otro para el terapeuta) altamente estructurados y de muy f\u00e1cil administraci\u00f3n. Su eficacia ha sido probada cient\u00edficamente.<\/p>\n<\/div>\n<\/div>\n<\/div><\/div><div id=\"panel-3541-0-1-2\" class=\"so-panel widget widget_sow-button panel-last-child\" data-index=\"5\" ><div\n\t\t\t\n\t\t\tclass=\"so-widget-sow-button so-widget-sow-button-flat-fba17181357c-3541\"\n\t\t\t\n\t\t><div class=\"ow-button-base ow-button-align-center\"\n>\n\t\t\t<a\n\t\t\t\t\thref=\"https:\/\/rehacog.deusto.es\"\n\t\t\t\t\tclass=\"sowb-button ow-icon-placement-left ow-button-hover\" target=\"_blank\" rel=\"noopener noreferrer\" \t>\n\t\t<span>\n\t\t\t\n\t\t\tM\u00e1s informaci\u00f3n\t\t<\/span>\n\t\t\t<\/a>\n\t<\/div>\n<\/div><\/div><\/div><\/div><div id=\"pg-3541-1\"  class=\"panel-grid panel-no-style\" ><div id=\"pgc-3541-1-0\"  class=\"panel-grid-cell\" ><div id=\"panel-3541-1-0-0\" class=\"so-panel widget widget_sow-image panel-first-child\" data-index=\"6\" ><div\n\t\t\t\n\t\t\tclass=\"so-widget-sow-image so-widget-sow-image-default-8b5b6f678277-3541\"\n\t\t\t\n\t\t><\/div><\/div><div id=\"panel-3541-1-0-1\" class=\"so-panel widget widget_sow-editor\" data-index=\"7\" ><div\n\t\t\t\n\t\t\tclass=\"so-widget-sow-editor so-widget-sow-editor-base\"\n\t\t\t\n\t\t>\n<div class=\"siteorigin-widget-tinymce textwidget\">\n\t<header class=\"entry-header\"><\/header>\n<div class=\"entry-content\">\n<h4 style=\"text-align: center;\"><span style=\"color: #2d4679;\"><strong><span lang=\"ES-TRAD\">INTERPRETAR UNA SONRISA:<\/span><\/strong><\/span><\/h4>\n<h6 style=\"text-align: center;\"><span style=\"color: #2d4679;\">y otras expresiones importantes<\/span><\/h6>\n<p>&nbsp;<\/p>\n<p><a href=\"http:\/\/cognicionsocial.deusto.es\/\" target=\"_blank\" rel=\"noopener\"><b><span style=\"color: #64a592;\">Interpretar una sonrisa<\/span><\/b><\/a>\u00a0es un programa de tratamiento para el abordaje de los d\u00e9ficits en cognici\u00f3n social y percepci\u00f3n de emociones que se presentan en muchas enfermedades o trastornos.<span class=\"Apple-converted-space\">\u00a0 <\/span>Originalmente dise\u00f1ado para personas con da\u00f1o cerebral adquirido, el programa ha demostrado eficacia cient\u00edfica tambi\u00e9n para otras poblaciones dentro de los trastornos del desarrollo (por ej., Asperger), trastornos psiqui\u00e1tricos (por ej., esquizofrenia) y otras formas de lesiones cerebrales. Este programa fue desarrollado en su versi\u00f3n original en Australia, por las Dras McDonald y Bornhofen. Se presenta en un formato juego que garantiza el m\u00e1ximo entretenimiento y adherencia al tratamiento, y con sesiones estructuradas en el manual del terapeuta de muy f\u00e1cil administraci\u00f3n. Se puede administrar en formato individual y\/o grupal.<\/p>\n<p>En la actualidad se est\u00e1 llevando a cabo un proyecto de investigaci\u00f3n financiado por BBK y en colaboraci\u00f3n con la Fundaci\u00f3n Eragintza para la validaci\u00f3n del programa Interpretar una sonrisa en poblaci\u00f3n con enfermedad mental grave.<\/p>\n<\/div>\n<\/div>\n<\/div><\/div><div id=\"panel-3541-1-0-2\" class=\"so-panel widget widget_sow-button panel-last-child\" data-index=\"8\" ><div\n\t\t\t\n\t\t\tclass=\"so-widget-sow-button so-widget-sow-button-flat-fba17181357c-3541\"\n\t\t\t\n\t\t><div class=\"ow-button-base ow-button-align-center\"\n>\n\t\t\t<a\n\t\t\t\t\thref=\"http:\/\/cognicionsocial.deusto.es\/\"\n\t\t\t\t\tclass=\"sowb-button ow-icon-placement-left ow-button-hover\" target=\"_blank\" rel=\"noopener noreferrer\" \t>\n\t\t<span>\n\t\t\t\n\t\t\tM\u00e1s informaci\u00f3n\t\t<\/span>\n\t\t\t<\/a>\n\t<\/div>\n<\/div><\/div><\/div><div id=\"pgc-3541-1-1\"  class=\"panel-grid-cell\" ><div id=\"panel-3541-1-1-0\" class=\"so-panel widget widget_sow-image panel-first-child\" data-index=\"9\" ><div\n\t\t\t\n\t\t\tclass=\"so-widget-sow-image so-widget-sow-image-default-8b5b6f678277-3541\"\n\t\t\t\n\t\t><\/div><\/div><div id=\"panel-3541-1-1-1\" class=\"so-panel widget widget_sow-editor\" data-index=\"10\" ><div\n\t\t\t\n\t\t\tclass=\"so-widget-sow-editor so-widget-sow-editor-base\"\n\t\t\t\n\t\t>\n<div class=\"siteorigin-widget-tinymce textwidget\">\n\t<header class=\"entry-header\"><\/header>\n<div class=\"entry-content\">\n<h4 style=\"text-align: center;\"><span style=\"color: #2d4679;\"><strong><span lang=\"ES-TRAD\">COGTRAIN:<\/span><\/strong><\/span><\/h4>\n<h6 style=\"text-align: center;\"><span style=\"color: #2d4679;\">Programa de entrenamiento cognitivo compensatorio<\/span><\/h6>\n<h6 style=\"text-align: center;\"><span style=\"color: #2d4679;\">ENTRENA TU CEREBRO<\/span><\/h6>\n<p>La\u00a0<b>remediaci\u00f3n cognitiva<\/b>\u00a0es una forma de\u00a0<b>tratamiento\u00a0<\/b>que trata de mejorar el rendimiento de la persona en dominios cognitivos como la atenci\u00f3n, memoria y aprendizaje, funciones ejecutivas, lenguaje, cognici\u00f3n social o la meta-cognici\u00f3n. El prop\u00f3sito final es que el beneficiario adquiera estrategias eficientes para un funcionamiento vital adecuado general y duradero (Cognitive Remediation Experts Workshop, 2010). Esta forma de tratamiento se sustenta principalmente sobre los modelos te\u00f3ricos de restauraci\u00f3n (estimulaci\u00f3n repetida), optimizaci\u00f3n (utilizaci\u00f3n de sistemas cognitivos conservados) y compensaci\u00f3n (aprendizaje de estrategias alternativas o ayudas externas para suplir la funci\u00f3n perdida) (Tate, 1997).<\/p>\n<p>Bas\u00e1ndose en esta \u00faltima aproximaci\u00f3n te\u00f3rica, la\u00a0<a href=\"http:\/\/psychiatry.ucsd.edu\/faculty\/etwamley.html\"><span style=\"color: #64a592;\"><b>Dra. Elizabeth W. Twamley<\/b><\/span><b>\u00a0<\/b><\/a>cre\u00f3 el\u00a0<b>Programa de Entrenamiento Cognitivo Compensatorio (ECC).\u00a0<\/b>(2006) que ha sido traducido y adaptado por el equipo de Neuropsicolog\u00eda de los Trastornos M\u00e9dicos Severos dirigido por la Dra Natalia Ojeda.<\/p>\n<p>El ECC se centra espec\u00edficamente en la rehabilitaci\u00f3n de cuatro dominios cognitivos: (1) atenci\u00f3n y concentraci\u00f3n, (2) aprendizaje y memoria, (3) memoria prospectiva (recordando para recordar) y (4) resoluci\u00f3n de problemas y flexibilidad cognitiva. Dominios que, en palabras de la autora principal, resultan b\u00e1sicos e imprescindibles para un correcto funcionamiento socio-laboral y una buena calidad de vida.<\/p>\n<ol>\n<li>El entrenamiento cognitivo se lleva a cabo mediante el\u00a0<b>aprendizaje\u00a0<\/b>de una gran variedad de\u00a0<b>estrategias mentales <\/b>y\u00a0<b>ayudas externas.<\/b>\u00a0El objetivo principal ser\u00e1 conseguir que la persona asuma como propias estas estrategias y las incluya dentro de sus h\u00e1bitos cotidianos.<span class=\"Apple-converted-space\">\u00a0<\/span><\/li>\n<\/ol>\n<\/div>\n<p><img loading=\"lazy\" decoding=\"async\" class=\"aligncenter wp-image-15\" src=\"https:\/\/neurolab.deusto.es\/wp-content\/uploads\/2015\/09\/Captura.png\" alt=\"\" width=\"381\" height=\"117\" srcset=\"https:\/\/neurolab.deusto.es\/wp-content\/uploads\/2015\/09\/Captura.png 812w, https:\/\/neurolab.deusto.es\/wp-content\/uploads\/2015\/09\/Captura-300x92.png 300w\" sizes=\"auto, (max-width: 381px) 100vw, 381px\" \/><\/p>\n<\/div>\n<\/div><\/div><div id=\"panel-3541-1-1-2\" class=\"so-panel widget widget_sow-button panel-last-child\" data-index=\"11\" ><div\n\t\t\t\n\t\t\tclass=\"so-widget-sow-button so-widget-sow-button-flat-fba17181357c-3541\"\n\t\t\t\n\t\t><div class=\"ow-button-base ow-button-align-center\"\n>\n\t\t\t<a\n\t\t\t\t\thref=\"https:\/\/neurolab.deusto.es\/cogtrain\/\"\n\t\t\t\t\tclass=\"sowb-button ow-icon-placement-left ow-button-hover\" \t>\n\t\t<span>\n\t\t\t\n\t\t\tM\u00e1s informaci\u00f3n\t\t<\/span>\n\t\t\t<\/a>\n\t<\/div>\n<\/div><\/div><\/div><\/div><\/div>","protected":false},"excerpt":{"rendered":"<p>REHACOP: Programa integral de rehabilitaci\u00f3n cognitiva en Psicosis El\u00a0REHACOP\u00a0es un programa de rehabilitaci\u00f3n neuropsicol\u00f3gica integral dise\u00f1ado. Este programa est\u00e1 basado en los principios de restauraci\u00f3n, compensaci\u00f3n y optimizaci\u00f3n de las funciones cognitivas. Se puede administrar en formato individual y\/o grupal. Su eficacia se ha demostrado cient\u00edficamente en personas diagnosticadas con primer episodio psic\u00f3tico, esquizofrenia, esclerosis [&hellip;]<\/p>\n","protected":false},"author":1001,"featured_media":0,"parent":0,"menu_order":0,"comment_status":"closed","ping_status":"closed","template":"","meta":{"_acf_changed":false,"footnotes":""},"class_list":["post-3541","page","type-page","status-publish","hentry"],"acf":[],"_links":{"self":[{"href":"https:\/\/neurolab.deusto.es\/en\/wp-json\/wp\/v2\/pages\/3541","targetHints":{"allow":["GET"]}}],"collection":[{"href":"https:\/\/neurolab.deusto.es\/en\/wp-json\/wp\/v2\/pages"}],"about":[{"href":"https:\/\/neurolab.deusto.es\/en\/wp-json\/wp\/v2\/types\/page"}],"author":[{"embeddable":true,"href":"https:\/\/neurolab.deusto.es\/en\/wp-json\/wp\/v2\/users\/1001"}],"replies":[{"embeddable":true,"href":"https:\/\/neurolab.deusto.es\/en\/wp-json\/wp\/v2\/comments?post=3541"}],"version-history":[{"count":2,"href":"https:\/\/neurolab.deusto.es\/en\/wp-json\/wp\/v2\/pages\/3541\/revisions"}],"predecessor-version":[{"id":3544,"href":"https:\/\/neurolab.deusto.es\/en\/wp-json\/wp\/v2\/pages\/3541\/revisions\/3544"}],"wp:attachment":[{"href":"https:\/\/neurolab.deusto.es\/en\/wp-json\/wp\/v2\/media?parent=3541"}],"curies":[{"name":"wp","href":"https:\/\/api.w.org\/{rel}","templated":true}]}}